{"id":94,"date":"2024-07-20T14:38:13","date_gmt":"2024-07-20T12:38:13","guid":{"rendered":"https:\/\/feuerwehr-bad-zwischenahn.de\/Feuerwehr\/?page_id=94"},"modified":"2025-07-10T13:12:34","modified_gmt":"2025-07-10T11:12:34","slug":"altersabteilung","status":"publish","type":"page","link":"https:\/\/feuerwehr-bad-zwischenahn.de\/Feuerwehr\/altersabteilung\/","title":{"rendered":"Altersabteilung"},"content":{"rendered":"<div  class='flex_column av-wr8m-5ce77fa0e945f7d18b401ab5b39d8a3a av_one_full  avia-builder-el-0  el_before_av_textblock  avia-builder-el-first  first flex_column_div  '     ><style type=\"text\/css\" data-created_by=\"avia_inline_auto\" id=\"style-css-av-m70qhe3d-9cb3ce4134a9c903d8ce6676deea385d\">\n.avia-image-container.av-m70qhe3d-9cb3ce4134a9c903d8ce6676deea385d img.avia_image{\nbox-shadow:none;\n}\n.avia-image-container.av-m70qhe3d-9cb3ce4134a9c903d8ce6676deea385d .av-image-caption-overlay-center{\ncolor:#ffffff;\n}\n<\/style>\n<div  class='avia-image-container av-m70qhe3d-9cb3ce4134a9c903d8ce6676deea385d av-styling- avia-align-center  avia-builder-el-1  avia-builder-el-no-sibling '   itemprop=\"image\" itemscope=\"itemscope\" itemtype=\"https:\/\/schema.org\/ImageObject\" ><div class=\"avia-image-container-inner\"><div class=\"avia-image-overlay-wrap\"><img decoding=\"async\" fetchpriority=\"high\" class='wp-image-562 avia-img-lazy-loading-not-562 avia_image ' src=\"https:\/\/feuerwehr-bad-zwischenahn.de\/Feuerwehr\/wp-content\/uploads\/2024\/11\/F-00139-scaled.jpeg\" alt='' title='F-00139'  height=\"1772\" width=\"2560\"  itemprop=\"thumbnailUrl\" srcset=\"https:\/\/feuerwehr-bad-zwischenahn.de\/Feuerwehr\/wp-content\/uploads\/2024\/11\/F-00139-scaled.jpeg 2560w, https:\/\/feuerwehr-bad-zwischenahn.de\/Feuerwehr\/wp-content\/uploads\/2024\/11\/F-00139-300x208.jpeg 300w, https:\/\/feuerwehr-bad-zwischenahn.de\/Feuerwehr\/wp-content\/uploads\/2024\/11\/F-00139-1030x713.jpeg 1030w, https:\/\/feuerwehr-bad-zwischenahn.de\/Feuerwehr\/wp-content\/uploads\/2024\/11\/F-00139-768x532.jpeg 768w, https:\/\/feuerwehr-bad-zwischenahn.de\/Feuerwehr\/wp-content\/uploads\/2024\/11\/F-00139-1536x1063.jpeg 1536w, https:\/\/feuerwehr-bad-zwischenahn.de\/Feuerwehr\/wp-content\/uploads\/2024\/11\/F-00139-2048x1417.jpeg 2048w, https:\/\/feuerwehr-bad-zwischenahn.de\/Feuerwehr\/wp-content\/uploads\/2024\/11\/F-00139-1500x1038.jpeg 1500w, https:\/\/feuerwehr-bad-zwischenahn.de\/Feuerwehr\/wp-content\/uploads\/2024\/11\/F-00139-705x488.jpeg 705w\" sizes=\"(max-width: 2560px) 100vw, 2560px\" \/><\/div><\/div><\/div><\/div><section  class='av_textblock_section av-m2ekntyn-2c65f88b4636672cfc8f399154491e53 '   itemscope=\"itemscope\" itemtype=\"https:\/\/schema.org\/CreativeWork\" ><div class='avia_textblock'  itemprop=\"text\" ><p>Die Altersabteilung der Feuerwehr ist nicht nur ein Ort des R\u00fcckzugs f\u00fcr ehemalige aktive Mitglieder, sondern auch eine tragende S\u00e4ule der Kameradschaft und des Wissensaustauschs. Sie bietet jenen Feuerwehrleuten, die aus Alters- oder gesundheitlichen Gr\u00fcnden nicht mehr am aktiven Einsatzdienst teilnehmen k\u00f6nnen, die M\u00f6glichkeit, weiterhin Teil der Feuerwehrgemeinschaft zu bleiben.<\/p>\n<p>Derzeit z\u00e4hlt unsere Altersabteilung 8 Mitglieder, die auf viele Jahre intensiven Engagements und unz\u00e4hlige Eins\u00e4tze zur\u00fcckblicken. Diese Feuerwehrkameraden haben einen gro\u00dfen Beitrag zur Sicherheit und zum Schutz der Bev\u00f6lkerung geleistet und bringen einen wertvollen Erfahrungsschatz mit. Ihre Einsichten und Geschichten aus vergangenen Eins\u00e4tzen bereichern die Gemeinschaft und tragen dazu bei, dass wichtige Traditionen und wertvolles Wissen weitergegeben werden.<\/p>\n<p>Neben regelm\u00e4\u00dfigen Treffen und geselligen Veranstaltungen nehmen die Mitglieder der Altersabteilung auch aktiv an besonderen Veranstaltungen und Feierlichkeiten teil, wie z. B. Jubil\u00e4en, Feuerwehrfeste oder Ehrungen. Durch diese Teilhabe wird die Verbindung zur aktiven Feuerwehr aufrechterhalten und die Kameradschaft gepflegt.<\/p>\n<p>Auch wenn sie nicht mehr im Einsatz sind, unterst\u00fctzen sie die aktive Wehr auf vielf\u00e4ltige Weise. Sei es durch ihre Erfahrung in der Ausbildung junger Feuerwehrleute, die Pflege von Feuerwehrger\u00e4ten oder einfach durch ihren Rat bei strategischen Entscheidungen. Die Altersabteilung ist somit ein integraler Bestandteil der Feuerwehr, der den Zusammenhalt und das gegenseitige Verst\u00e4ndnis \u00fcber Generationen hinweg f\u00f6rdert.<\/p>\n<p>Mit ihrer langj\u00e4hrigen Treue und ihrem Engagement sind die Mitglieder der Altersabteilung Vorbilder f\u00fcr die junge Generation und zeigen, dass das Feuerwehrwesen weit \u00fcber den aktiven Einsatz hinausgeht. Sie sind das lebendige Ged\u00e4chtnis der Feuerwehr und tragen dazu bei, dass Traditionen gewahrt und das Feuerwehrwesen auch in Zukunft stark bleibt.<\/p>\n<p>Bild: Foto der Alterskameraden der Gemeinde Bad Zwischenahn<\/p>\n<\/div><\/section><\/p>\n","protected":false},"excerpt":{"rendered":"","protected":false},"author":1,"featured_media":0,"parent":0,"menu_order":0,"comment_status":"closed","ping_status":"closed","template":"","meta":{"footnotes":""},"class_list":["post-94","page","type-page","status-publish","hentry"],"yoast_head":"<!-- This site is optimized with the Yoast SEO plugin v25.9 - https:\/\/yoast.com\/wordpress\/plugins\/seo\/ -->\n<title>Altersabteilung - Feuerwehr Bad Zwischenahn<\/title>\n<meta name=\"robots\" content=\"index, follow, max-snippet:-1, max-image-preview:large, max-video-preview:-1\" \/>\n<link rel=\"canonical\" href=\"https:\/\/feuerwehr-bad-zwischenahn.de\/Feuerwehr\/altersabteilung\/\" \/>\n<meta property=\"og:locale\" content=\"de_DE\" \/>\n<meta property=\"og:type\" content=\"article\" \/>\n<meta property=\"og:title\" content=\"Altersabteilung - Feuerwehr Bad Zwischenahn\" \/>\n<meta property=\"og:url\" content=\"https:\/\/feuerwehr-bad-zwischenahn.de\/Feuerwehr\/altersabteilung\/\" \/>\n<meta property=\"og:site_name\" content=\"Feuerwehr Bad Zwischenahn\" \/>\n<meta property=\"article:modified_time\" content=\"2025-07-10T11:12:34+00:00\" \/>\n<meta name=\"twitter:card\" content=\"summary_large_image\" \/>\n<meta name=\"twitter:label1\" content=\"Gesch\u00e4tzte Lesezeit\" \/>\n\t<meta name=\"twitter:data1\" content=\"2\u00a0Minuten\" \/>\n<script type=\"application\/ld+json\" class=\"yoast-schema-graph\">{\"@context\":\"https:\/\/schema.org\",\"@graph\":[{\"@type\":\"WebPage\",\"@id\":\"https:\/\/feuerwehr-bad-zwischenahn.de\/Feuerwehr\/altersabteilung\/\",\"url\":\"https:\/\/feuerwehr-bad-zwischenahn.de\/Feuerwehr\/altersabteilung\/\",\"name\":\"Altersabteilung - Feuerwehr Bad Zwischenahn\",\"isPartOf\":{\"@id\":\"https:\/\/feuerwehr-bad-zwischenahn.de\/Feuerwehr\/#website\"},\"datePublished\":\"2024-07-20T12:38:13+00:00\",\"dateModified\":\"2025-07-10T11:12:34+00:00\",\"breadcrumb\":{\"@id\":\"https:\/\/feuerwehr-bad-zwischenahn.de\/Feuerwehr\/altersabteilung\/#breadcrumb\"},\"inLanguage\":\"de\",\"potentialAction\":[{\"@type\":\"ReadAction\",\"target\":[\"https:\/\/feuerwehr-bad-zwischenahn.de\/Feuerwehr\/altersabteilung\/\"]}]},{\"@type\":\"BreadcrumbList\",\"@id\":\"https:\/\/feuerwehr-bad-zwischenahn.de\/Feuerwehr\/altersabteilung\/#breadcrumb\",\"itemListElement\":[{\"@type\":\"ListItem\",\"position\":1,\"name\":\"Startseite\",\"item\":\"https:\/\/feuerwehr-bad-zwischenahn.de\/Feuerwehr\/\"},{\"@type\":\"ListItem\",\"position\":2,\"name\":\"Altersabteilung\"}]},{\"@type\":\"WebSite\",\"@id\":\"https:\/\/feuerwehr-bad-zwischenahn.de\/Feuerwehr\/#website\",\"url\":\"https:\/\/feuerwehr-bad-zwischenahn.de\/Feuerwehr\/\",\"name\":\"Feuerwehr Bad Zwischenahn\",\"description\":\"\",\"potentialAction\":[{\"@type\":\"SearchAction\",\"target\":{\"@type\":\"EntryPoint\",\"urlTemplate\":\"https:\/\/feuerwehr-bad-zwischenahn.de\/Feuerwehr\/?s={search_term_string}\"},\"query-input\":{\"@type\":\"PropertyValueSpecification\",\"valueRequired\":true,\"valueName\":\"search_term_string\"}}],\"inLanguage\":\"de\"}]}<\/script>\n<!-- \/ Yoast SEO plugin. -->","yoast_head_json":{"title":"Altersabteilung - Feuerwehr Bad Zwischenahn","robots":{"index":"index","follow":"follow","max-snippet":"max-snippet:-1","max-image-preview":"max-image-preview:large","max-video-preview":"max-video-preview:-1"},"canonical":"https:\/\/feuerwehr-bad-zwischenahn.de\/Feuerwehr\/altersabteilung\/","og_locale":"de_DE","og_type":"article","og_title":"Altersabteilung - Feuerwehr Bad Zwischenahn","og_url":"https:\/\/feuerwehr-bad-zwischenahn.de\/Feuerwehr\/altersabteilung\/","og_site_name":"Feuerwehr Bad Zwischenahn","article_modified_time":"2025-07-10T11:12:34+00:00","twitter_card":"summary_large_image","twitter_misc":{"Gesch\u00e4tzte Lesezeit":"2\u00a0Minuten"},"schema":{"@context":"https:\/\/schema.org","@graph":[{"@type":"WebPage","@id":"https:\/\/feuerwehr-bad-zwischenahn.de\/Feuerwehr\/altersabteilung\/","url":"https:\/\/feuerwehr-bad-zwischenahn.de\/Feuerwehr\/altersabteilung\/","name":"Altersabteilung - Feuerwehr Bad Zwischenahn","isPartOf":{"@id":"https:\/\/feuerwehr-bad-zwischenahn.de\/Feuerwehr\/#website"},"datePublished":"2024-07-20T12:38:13+00:00","dateModified":"2025-07-10T11:12:34+00:00","breadcrumb":{"@id":"https:\/\/feuerwehr-bad-zwischenahn.de\/Feuerwehr\/altersabteilung\/#breadcrumb"},"inLanguage":"de","potentialAction":[{"@type":"ReadAction","target":["https:\/\/feuerwehr-bad-zwischenahn.de\/Feuerwehr\/altersabteilung\/"]}]},{"@type":"BreadcrumbList","@id":"https:\/\/feuerwehr-bad-zwischenahn.de\/Feuerwehr\/altersabteilung\/#breadcrumb","itemListElement":[{"@type":"ListItem","position":1,"name":"Startseite","item":"https:\/\/feuerwehr-bad-zwischenahn.de\/Feuerwehr\/"},{"@type":"ListItem","position":2,"name":"Altersabteilung"}]},{"@type":"WebSite","@id":"https:\/\/feuerwehr-bad-zwischenahn.de\/Feuerwehr\/#website","url":"https:\/\/feuerwehr-bad-zwischenahn.de\/Feuerwehr\/","name":"Feuerwehr Bad Zwischenahn","description":"","potentialAction":[{"@type":"SearchAction","target":{"@type":"EntryPoint","urlTemplate":"https:\/\/feuerwehr-bad-zwischenahn.de\/Feuerwehr\/?s={search_term_string}"},"query-input":{"@type":"PropertyValueSpecification","valueRequired":true,"valueName":"search_term_string"}}],"inLanguage":"de"}]}},"_links":{"self":[{"href":"https:\/\/feuerwehr-bad-zwischenahn.de\/Feuerwehr\/wp-json\/wp\/v2\/pages\/94","targetHints":{"allow":["GET"]}}],"collection":[{"href":"https:\/\/feuerwehr-bad-zwischenahn.de\/Feuerwehr\/wp-json\/wp\/v2\/pages"}],"about":[{"href":"https:\/\/feuerwehr-bad-zwischenahn.de\/Feuerwehr\/wp-json\/wp\/v2\/types\/page"}],"author":[{"embeddable":true,"href":"https:\/\/feuerwehr-bad-zwischenahn.de\/Feuerwehr\/wp-json\/wp\/v2\/users\/1"}],"replies":[{"embeddable":true,"href":"https:\/\/feuerwehr-bad-zwischenahn.de\/Feuerwehr\/wp-json\/wp\/v2\/comments?post=94"}],"version-history":[{"count":7,"href":"https:\/\/feuerwehr-bad-zwischenahn.de\/Feuerwehr\/wp-json\/wp\/v2\/pages\/94\/revisions"}],"predecessor-version":[{"id":2444,"href":"https:\/\/feuerwehr-bad-zwischenahn.de\/Feuerwehr\/wp-json\/wp\/v2\/pages\/94\/revisions\/2444"}],"wp:attachment":[{"href":"https:\/\/feuerwehr-bad-zwischenahn.de\/Feuerwehr\/wp-json\/wp\/v2\/media?parent=94"}],"curies":[{"name":"wp","href":"https:\/\/api.w.org\/{rel}","templated":true}]}}