{"id":711,"date":"2024-12-11T14:35:38","date_gmt":"2024-12-11T13:35:38","guid":{"rendered":"https:\/\/feuerwehr-bad-zwischenahn.de\/Feuerwehr\/?page_id=711"},"modified":"2025-07-10T13:45:48","modified_gmt":"2025-07-10T11:45:48","slug":"lichtmast","status":"publish","type":"page","link":"https:\/\/feuerwehr-bad-zwischenahn.de\/Feuerwehr\/lichtmast\/","title":{"rendered":"Lichtmast"},"content":{"rendered":"<div  class='flex_column av-295qnb-9c751332fb67d5189ce0a3b97b6bd60b av_one_full  avia-builder-el-0  el_before_av_two_fifth  avia-builder-el-first  first flex_column_div  '     ><div  class='av-hotspot-image-container av-20gj6n-dc10de3b9576cc1135dcdd8d1549b254  avia-builder-el-1  avia-builder-el-no-sibling  av-hotspot-numbered av-mobile-fallback-active  av-non-fullwidth-hotspot-image'  itemprop=\"image\" itemscope=\"itemscope\" itemtype=\"https:\/\/schema.org\/ImageObject\" ><div class='av-hotspot-container'><div class='av-hotspot-container-inner-cell'><div class='av-hotspot-container-inner-wrap'><img decoding=\"async\" fetchpriority=\"high\" class='wp-image-716 avia-img-lazy-loading-not-716 avia_image' src=\"https:\/\/feuerwehr-bad-zwischenahn.de\/Feuerwehr\/wp-content\/uploads\/2024\/12\/Screenshot-2024-12-11-143809.png\" alt='' title='Screenshot 2024-12-11 143809'  height=\"886\" width=\"672\"  itemprop=\"thumbnailUrl\" srcset=\"https:\/\/feuerwehr-bad-zwischenahn.de\/Feuerwehr\/wp-content\/uploads\/2024\/12\/Screenshot-2024-12-11-143809.png 672w, https:\/\/feuerwehr-bad-zwischenahn.de\/Feuerwehr\/wp-content\/uploads\/2024\/12\/Screenshot-2024-12-11-143809-228x300.png 228w, https:\/\/feuerwehr-bad-zwischenahn.de\/Feuerwehr\/wp-content\/uploads\/2024\/12\/Screenshot-2024-12-11-143809-535x705.png 535w\" sizes=\"(max-width: 672px) 100vw, 672px\" \/><\/div><\/div><\/div><\/div><\/div>\n<div  class='flex_column av-1xzl0v-37a47c01b6a110f417138a281ed3b403 av_two_fifth  avia-builder-el-2  el_after_av_one_full  el_before_av_three_fifth  first flex_column_div  column-top-margin'     ><section  class='av_textblock_section av-62efj-9c06fbc28197a2fea34d4d7d51415a27 '   itemscope=\"itemscope\" itemtype=\"https:\/\/schema.org\/CreativeWork\" ><div class='avia_textblock'  itemprop=\"text\" ><blockquote>\n<h4><strong>Lichtmast<\/strong><\/h4>\n<\/blockquote>\n<p>Fahrzeughersteller und Modell: Mercedes-Benz Sprinter<\/p>\n<p>Baujahr: 2012<\/p>\n<p>Aufbau: Polyma<\/p>\n<p><strong>Technische Ausstattung:<\/strong><\/p>\n<ul>\n<li>Stromgenerator 59 kVA<\/li>\n<li>Lichtmast (ausfahrbar bis zu 9 Meter)<\/li>\n<li>4 Scheinwerfer \u00e1 1.500 W LED<\/li>\n<li>2 Scheinwerfer \u00e1 400 W HQI<\/li>\n<li>2 Leitungsroller<\/li>\n<li>2 Lichtbr\u00fccken mit Stativ<\/li>\n<\/ul>\n<p><strong>Einsatzbereich:<\/strong><\/p>\n<p>Der Lichtmast wird verwendet um gro\u00dffl\u00e4chig Einsatzstellen zu erleuchten. Er wird als Anh\u00e4nger zum Einsatzort gefahren, dient dort aber ebenso als starker Stromerzeuger.<\/p>\n<\/div><\/section><\/div><div  class='flex_column av-5iqvb-a4d184d2badc4630eb30a15098635e46 av_three_fifth  avia-builder-el-4  el_after_av_two_fifth  el_before_av_one_full  flex_column_div  column-top-margin'     ><div  class='avia-icon-list-container av-56akf-46b386d40eee8431585c660d51aa7339  avia-builder-el-5  avia-builder-el-no-sibling '><ul class='avia-icon-list avia_animate_when_almost_visible avia-icon-list-left av-iconlist-big av-56akf-46b386d40eee8431585c660d51aa7339 avia-iconlist-animate'>\n<li><div class='iconlist_icon av-1a8gav-6cc03a5ef68fb966ac39b0da21cd360d avia-font-entypo-fontello'><span class='iconlist-char' aria-hidden='true' data-av_icon='\ue856' data-av_iconfont='entypo-fontello'><\/span><\/div><article class=\"article-icon-entry \"  itemscope=\"itemscope\" itemtype=\"https:\/\/schema.org\/CreativeWork\" ><div class=\"iconlist_content_wrap\"><header class=\"entry-content-header\"><h4 class='av_iconlist_title iconlist_title  '  itemprop=\"headline\" >Aufbau<\/h4><\/header><div class='iconlist_content '  itemprop=\"text\" ><p>Polyma<\/p>\n<\/div><\/div><footer class=\"entry-footer\"><\/footer><\/article><div class=\"iconlist-timeline\"><\/div><\/li>\n<li><div class='iconlist_icon av-132z0f-5af251bb3ade730d67299888d52e674a avia-font-entypo-fontello'><span class='iconlist-char' aria-hidden='true' data-av_icon='\ue8c0' data-av_iconfont='entypo-fontello'><\/span><\/div><article class=\"article-icon-entry \"  itemscope=\"itemscope\" itemtype=\"https:\/\/schema.org\/CreativeWork\" ><div class=\"iconlist_content_wrap\"><header class=\"entry-content-header\"><h4 class='av_iconlist_title iconlist_title  '  itemprop=\"headline\" >Baujahr<\/h4><\/header><div class='iconlist_content '  itemprop=\"text\" ><p>2012<\/p>\n<\/div><\/div><footer class=\"entry-footer\"><\/footer><\/article><div class=\"iconlist-timeline\"><\/div><\/li>\n<li><div class='iconlist_icon av-vcw7j-2debaa741f28f9967ddb70269e3fd853 avia-font-entypo-fontello'><span class='iconlist-char' aria-hidden='true' data-av_icon='\ue809' data-av_iconfont='entypo-fontello'><\/span><\/div><article class=\"article-icon-entry \"  itemscope=\"itemscope\" itemtype=\"https:\/\/schema.org\/CreativeWork\" ><div class=\"iconlist_content_wrap\"><header class=\"entry-content-header\"><h4 class='av_iconlist_title iconlist_title  '  itemprop=\"headline\" >Leistung Stromgenerator<\/h4><\/header><div class='iconlist_content '  itemprop=\"text\" ><p>59 kVA<\/p>\n<\/div><\/div><footer class=\"entry-footer\"><\/footer><\/article><div class=\"iconlist-timeline\"><\/div><\/li>\n<\/ul><\/div><\/div><\/p>\n<div  class='flex_column av-rmw4v-9372bfda08bc20d1a6de9ef8a57369e7 av_one_full  avia-builder-el-6  el_after_av_three_fifth  el_before_av_one_full  first flex_column_div  '     ><div  class='hr av-2c5vb-cf55659cc03520ea3347ce2bc2e47de6 hr-default  avia-builder-el-7  avia-builder-el-no-sibling '><span class='hr-inner '><span class=\"hr-inner-style\"><\/span><\/span><\/div><\/div>\n<div  class='flex_column av-cqv2f-ea62da5cbf587c123e75c24d2625d537 av_one_full  avia-builder-el-8  el_after_av_one_full  avia-builder-el-last  first flex_column_div  column-top-margin'     ><div  data-slideshow-options=\"{&quot;animation&quot;:&quot;fade&quot;,&quot;autoplay&quot;:false,&quot;loop_autoplay&quot;:&quot;once&quot;,&quot;interval&quot;:&quot;5&quot;,&quot;loop_manual&quot;:&quot;manual-endless&quot;,&quot;autoplay_stopper&quot;:false,&quot;noNavigation&quot;:false,&quot;show_slide_delay&quot;:90}\" class='avia-content-slider avia-content-slider-active avia-content-slider1 avia-content-slider-odd  avia-builder-el-9  avia-builder-el-no-sibling  av-slideshow-ui av-control-default   av-no-slider-navigation av-slideshow-manual av-loop-once av-loop-manual-endless '  itemscope=\"itemscope\" itemtype=\"https:\/\/schema.org\/Blog\" ><div class=\"avia-content-slider-inner\"><div class=\"slide-entry-wrap\"><article class='slide-entry flex_column  post-entry post-entry-2113 slide-entry-overview slide-loop-1 slide-parity-odd  post-entry-last  av_one_third first real-thumbnail posttype-einsatz post-format-standard'  itemscope=\"itemscope\" itemtype=\"https:\/\/schema.org\/CreativeWork\" ><a href='https:\/\/feuerwehr-bad-zwischenahn.de\/Feuerwehr\/einsatzberichte\/bereitstellung-kampfmittelfund-evakuierung-erforderlich\/' data-rel='slide-1' class='slide-image' title='Bereitstellung &#8211; ,,Kampfmittelfund, Evakuierung erforderlich&#8220;'><img decoding=\"async\" fetchpriority=\"high\" width=\"495\" height=\"400\" src=\"https:\/\/feuerwehr-bad-zwischenahn.de\/Feuerwehr\/wp-content\/uploads\/2025\/05\/IMG-20250508-WA0002-495x400.jpg\" class=\"wp-image-2114 avia-img-lazy-loading-not-2114 attachment-portfolio size-portfolio wp-post-image\" alt=\"\" srcset=\"https:\/\/feuerwehr-bad-zwischenahn.de\/Feuerwehr\/wp-content\/uploads\/2025\/05\/IMG-20250508-WA0002-495x400.jpg 495w, https:\/\/feuerwehr-bad-zwischenahn.de\/Feuerwehr\/wp-content\/uploads\/2025\/05\/IMG-20250508-WA0002-845x684.jpg 845w\" sizes=\"(max-width: 495px) 100vw, 495px\" \/><\/a><div class=\"slide-content\"><header class=\"entry-content-header\"><h3 class='slide-entry-title entry-title '  itemprop=\"headline\" ><a href='https:\/\/feuerwehr-bad-zwischenahn.de\/Feuerwehr\/einsatzberichte\/bereitstellung-kampfmittelfund-evakuierung-erforderlich\/' title='Bereitstellung &#8211; ,,Kampfmittelfund, Evakuierung erforderlich&#8220;'>Bereitstellung &#8211; ,,Kampfmittelfund, Evakuierung erforderlich&#8220;<\/a><\/h3><span class=\"av-vertical-delimiter\"><\/span><\/header><div class=\"slide-meta\"><time class='slide-meta-time updated'  itemprop=\"datePublished\" datetime=\"2025-05-07T21:26:00+02:00\" >7 Mai, 2025<\/time><\/div><div class='slide-entry-excerpt entry-content'  itemprop=\"text\" >Gestern wurden wir am sp\u00e4ten Abend zu einem Kampfmittelfund\u2026<\/div><\/div><footer class=\"entry-footer\"><\/footer><span class='hidden'>\n\t\t\t\t<span class='av-structured-data'  itemprop=\"image\" itemscope=\"itemscope\" itemtype=\"https:\/\/schema.org\/ImageObject\" >\n\t\t\t\t\t\t<span itemprop='url'>https:\/\/feuerwehr-bad-zwischenahn.de\/Feuerwehr\/wp-content\/uploads\/2025\/05\/IMG-20250508-WA0002.jpg<\/span>\n\t\t\t\t\t\t<span itemprop='height'>1536<\/span>\n\t\t\t\t\t\t<span itemprop='width'>2048<\/span>\n\t\t\t\t<\/span>\n\t\t\t\t<span class='av-structured-data'  itemprop=\"publisher\" itemtype=\"https:\/\/schema.org\/Organization\" itemscope=\"itemscope\" >\n\t\t\t\t\t\t<span itemprop='name'>Christian Peters<\/span>\n\t\t\t\t\t\t<span itemprop='logo' itemscope itemtype='https:\/\/schema.org\/ImageObject'>\n\t\t\t\t\t\t\t<span itemprop='url'>https:\/\/feuerwehr-bad-zwischenahn.de\/Feuerwehr\/wp-content\/uploads\/2024\/10\/logoFFBZ2_blk-300x150.png<\/span>\n\t\t\t\t\t\t<\/span>\n\t\t\t\t<\/span><span class='av-structured-data'  itemprop=\"author\" itemscope=\"itemscope\" itemtype=\"https:\/\/schema.org\/Person\" ><span itemprop='name'>Christian Peters<\/span><\/span><span class='av-structured-data'  itemprop=\"datePublished\" datetime=\"2024-12-11T14:35:38+01:00\" >2025-05-07 21:26:00<\/span><span class='av-structured-data'  itemprop=\"dateModified\" itemtype=\"https:\/\/schema.org\/dateModified\" >2025-05-08 17:27:40<\/span><span class='av-structured-data'  itemprop=\"mainEntityOfPage\" itemtype=\"https:\/\/schema.org\/mainEntityOfPage\" ><span itemprop='name'>Bereitstellung &#8211; ,,Kampfmittelfund, Evakuierung erforderlich&#8220;<\/span><\/span><\/span><\/article><\/div><\/div><\/div><\/div>\n","protected":false},"excerpt":{"rendered":"","protected":false},"author":6,"featured_media":0,"parent":0,"menu_order":0,"comment_status":"closed","ping_status":"closed","template":"","meta":{"footnotes":""},"class_list":["post-711","page","type-page","status-publish","hentry"],"yoast_head":"<!-- This site is optimized with the Yoast SEO plugin v25.9 - https:\/\/yoast.com\/wordpress\/plugins\/seo\/ -->\n<title>Lichtmast - Feuerwehr Bad Zwischenahn<\/title>\n<meta name=\"robots\" content=\"index, follow, max-snippet:-1, max-image-preview:large, max-video-preview:-1\" \/>\n<link rel=\"canonical\" href=\"https:\/\/feuerwehr-bad-zwischenahn.de\/Feuerwehr\/lichtmast\/\" \/>\n<meta property=\"og:locale\" content=\"de_DE\" \/>\n<meta property=\"og:type\" content=\"article\" \/>\n<meta property=\"og:title\" content=\"Lichtmast - Feuerwehr Bad Zwischenahn\" \/>\n<meta property=\"og:url\" content=\"https:\/\/feuerwehr-bad-zwischenahn.de\/Feuerwehr\/lichtmast\/\" \/>\n<meta property=\"og:site_name\" content=\"Feuerwehr Bad Zwischenahn\" \/>\n<meta property=\"article:modified_time\" content=\"2025-07-10T11:45:48+00:00\" \/>\n<meta name=\"twitter:card\" content=\"summary_large_image\" \/>\n<meta name=\"twitter:label1\" content=\"Gesch\u00e4tzte Lesezeit\" \/>\n\t<meta name=\"twitter:data1\" content=\"1\u00a0Minute\" \/>\n<script type=\"application\/ld+json\" class=\"yoast-schema-graph\">{\"@context\":\"https:\/\/schema.org\",\"@graph\":[{\"@type\":\"WebPage\",\"@id\":\"https:\/\/feuerwehr-bad-zwischenahn.de\/Feuerwehr\/lichtmast\/\",\"url\":\"https:\/\/feuerwehr-bad-zwischenahn.de\/Feuerwehr\/lichtmast\/\",\"name\":\"Lichtmast - Feuerwehr Bad Zwischenahn\",\"isPartOf\":{\"@id\":\"https:\/\/feuerwehr-bad-zwischenahn.de\/Feuerwehr\/#website\"},\"datePublished\":\"2024-12-11T13:35:38+00:00\",\"dateModified\":\"2025-07-10T11:45:48+00:00\",\"breadcrumb\":{\"@id\":\"https:\/\/feuerwehr-bad-zwischenahn.de\/Feuerwehr\/lichtmast\/#breadcrumb\"},\"inLanguage\":\"de\",\"potentialAction\":[{\"@type\":\"ReadAction\",\"target\":[\"https:\/\/feuerwehr-bad-zwischenahn.de\/Feuerwehr\/lichtmast\/\"]}]},{\"@type\":\"BreadcrumbList\",\"@id\":\"https:\/\/feuerwehr-bad-zwischenahn.de\/Feuerwehr\/lichtmast\/#breadcrumb\",\"itemListElement\":[{\"@type\":\"ListItem\",\"position\":1,\"name\":\"Startseite\",\"item\":\"https:\/\/feuerwehr-bad-zwischenahn.de\/Feuerwehr\/\"},{\"@type\":\"ListItem\",\"position\":2,\"name\":\"Lichtmast\"}]},{\"@type\":\"WebSite\",\"@id\":\"https:\/\/feuerwehr-bad-zwischenahn.de\/Feuerwehr\/#website\",\"url\":\"https:\/\/feuerwehr-bad-zwischenahn.de\/Feuerwehr\/\",\"name\":\"Feuerwehr Bad Zwischenahn\",\"description\":\"\",\"potentialAction\":[{\"@type\":\"SearchAction\",\"target\":{\"@type\":\"EntryPoint\",\"urlTemplate\":\"https:\/\/feuerwehr-bad-zwischenahn.de\/Feuerwehr\/?s={search_term_string}\"},\"query-input\":{\"@type\":\"PropertyValueSpecification\",\"valueRequired\":true,\"valueName\":\"search_term_string\"}}],\"inLanguage\":\"de\"}]}<\/script>\n<!-- \/ Yoast SEO plugin. -->","yoast_head_json":{"title":"Lichtmast - Feuerwehr Bad Zwischenahn","robots":{"index":"index","follow":"follow","max-snippet":"max-snippet:-1","max-image-preview":"max-image-preview:large","max-video-preview":"max-video-preview:-1"},"canonical":"https:\/\/feuerwehr-bad-zwischenahn.de\/Feuerwehr\/lichtmast\/","og_locale":"de_DE","og_type":"article","og_title":"Lichtmast - Feuerwehr Bad Zwischenahn","og_url":"https:\/\/feuerwehr-bad-zwischenahn.de\/Feuerwehr\/lichtmast\/","og_site_name":"Feuerwehr Bad Zwischenahn","article_modified_time":"2025-07-10T11:45:48+00:00","twitter_card":"summary_large_image","twitter_misc":{"Gesch\u00e4tzte Lesezeit":"1\u00a0Minute"},"schema":{"@context":"https:\/\/schema.org","@graph":[{"@type":"WebPage","@id":"https:\/\/feuerwehr-bad-zwischenahn.de\/Feuerwehr\/lichtmast\/","url":"https:\/\/feuerwehr-bad-zwischenahn.de\/Feuerwehr\/lichtmast\/","name":"Lichtmast - Feuerwehr Bad Zwischenahn","isPartOf":{"@id":"https:\/\/feuerwehr-bad-zwischenahn.de\/Feuerwehr\/#website"},"datePublished":"2024-12-11T13:35:38+00:00","dateModified":"2025-07-10T11:45:48+00:00","breadcrumb":{"@id":"https:\/\/feuerwehr-bad-zwischenahn.de\/Feuerwehr\/lichtmast\/#breadcrumb"},"inLanguage":"de","potentialAction":[{"@type":"ReadAction","target":["https:\/\/feuerwehr-bad-zwischenahn.de\/Feuerwehr\/lichtmast\/"]}]},{"@type":"BreadcrumbList","@id":"https:\/\/feuerwehr-bad-zwischenahn.de\/Feuerwehr\/lichtmast\/#breadcrumb","itemListElement":[{"@type":"ListItem","position":1,"name":"Startseite","item":"https:\/\/feuerwehr-bad-zwischenahn.de\/Feuerwehr\/"},{"@type":"ListItem","position":2,"name":"Lichtmast"}]},{"@type":"WebSite","@id":"https:\/\/feuerwehr-bad-zwischenahn.de\/Feuerwehr\/#website","url":"https:\/\/feuerwehr-bad-zwischenahn.de\/Feuerwehr\/","name":"Feuerwehr Bad Zwischenahn","description":"","potentialAction":[{"@type":"SearchAction","target":{"@type":"EntryPoint","urlTemplate":"https:\/\/feuerwehr-bad-zwischenahn.de\/Feuerwehr\/?s={search_term_string}"},"query-input":{"@type":"PropertyValueSpecification","valueRequired":true,"valueName":"search_term_string"}}],"inLanguage":"de"}]}},"_links":{"self":[{"href":"https:\/\/feuerwehr-bad-zwischenahn.de\/Feuerwehr\/wp-json\/wp\/v2\/pages\/711","targetHints":{"allow":["GET"]}}],"collection":[{"href":"https:\/\/feuerwehr-bad-zwischenahn.de\/Feuerwehr\/wp-json\/wp\/v2\/pages"}],"about":[{"href":"https:\/\/feuerwehr-bad-zwischenahn.de\/Feuerwehr\/wp-json\/wp\/v2\/types\/page"}],"author":[{"embeddable":true,"href":"https:\/\/feuerwehr-bad-zwischenahn.de\/Feuerwehr\/wp-json\/wp\/v2\/users\/6"}],"replies":[{"embeddable":true,"href":"https:\/\/feuerwehr-bad-zwischenahn.de\/Feuerwehr\/wp-json\/wp\/v2\/comments?post=711"}],"version-history":[{"count":9,"href":"https:\/\/feuerwehr-bad-zwischenahn.de\/Feuerwehr\/wp-json\/wp\/v2\/pages\/711\/revisions"}],"predecessor-version":[{"id":2454,"href":"https:\/\/feuerwehr-bad-zwischenahn.de\/Feuerwehr\/wp-json\/wp\/v2\/pages\/711\/revisions\/2454"}],"wp:attachment":[{"href":"https:\/\/feuerwehr-bad-zwischenahn.de\/Feuerwehr\/wp-json\/wp\/v2\/media?parent=711"}],"curies":[{"name":"wp","href":"https:\/\/api.w.org\/{rel}","templated":true}]}}