{"id":467,"date":"2024-10-20T18:17:55","date_gmt":"2024-10-20T16:17:55","guid":{"rendered":"https:\/\/feuerwehr-bad-zwischenahn.de\/Feuerwehr\/?page_id=467"},"modified":"2025-02-01T20:23:42","modified_gmt":"2025-02-01T19:23:42","slug":"elw-gruppe","status":"publish","type":"page","link":"https:\/\/feuerwehr-bad-zwischenahn.de\/Feuerwehr\/elw-gruppe\/","title":{"rendered":"ELW-Gruppe"},"content":{"rendered":"<p>Unsere ELW-Gruppe besteht aus engagierten Kameraden, die speziell f\u00fcr den Einsatz des Einsatzleitwagens (ELW) geschult sind. Bei komplexen Eins\u00e4tzen spielt diese Gruppe eine zentrale Rolle: Sie sorgt daf\u00fcr, dass alle Einsatzkr\u00e4fte optimal vernetzt und koordiniert werden. Mit modernster Technik und fundiertem Fachwissen unterst\u00fctzen die Mitglieder der ELW-Gruppe die F\u00fchrungsebene, treffen schnelle Entscheidungen und gew\u00e4hrleisten so den reibungslosen Ablauf auch bei anspruchsvollen Lagen.<\/p>\n<p>&nbsp;<\/p>\n<p>Unsere ELW-Gruppe besteht aus Personal das entsprechende Lehrg\u00e4nge, wie den Sprechfunker Lehrgang, besucht hat, um den <a href=\"https:\/\/feuerwehr-bad-zwischenahn.de\/Feuerwehr\/?page_id=89\">Einsatzleitwagen<\/a> (ELW) zu bedienen. Diese arbeiten dem Einsatzleiter und den Gruppenf\u00fchrern zu, kommunizieren mit der Leitstelle und dokumentieren den Einsatzablauf. So kann der ELW auch von anderen Ortsfeuerwehren innerhalb der Gemeinde angefordert werden zur Informationsbeschaffung, zur Dokumentierung oder um mit der Leitstelle etwaige Nachalarmierungen zu koordinieren. Als ,,B\u00fcro auf R\u00e4dern&#8220; kann der ELW somit wichtige Hintergrundaufgaben \u00fcbernehmen und arbeitet der F\u00fchrung zu.<\/p>\n","protected":false},"excerpt":{"rendered":"<p>Unsere ELW-Gruppe besteht aus engagierten Kameraden, die speziell f\u00fcr den Einsatz des Einsatzleitwagens (ELW) geschult sind. Bei komplexen Eins\u00e4tzen spielt diese Gruppe eine zentrale Rolle: Sie sorgt daf\u00fcr, dass alle Einsatzkr\u00e4fte optimal vernetzt und koordiniert werden. Mit modernster Technik und fundiertem Fachwissen unterst\u00fctzen die Mitglieder der ELW-Gruppe die F\u00fchrungsebene, treffen schnelle Entscheidungen und gew\u00e4hrleisten so [&hellip;]<\/p>\n","protected":false},"author":2,"featured_media":0,"parent":0,"menu_order":0,"comment_status":"closed","ping_status":"closed","template":"","meta":{"footnotes":""},"class_list":["post-467","page","type-page","status-publish","hentry"],"yoast_head":"<!-- This site is optimized with the Yoast SEO plugin v25.9 - https:\/\/yoast.com\/wordpress\/plugins\/seo\/ -->\n<title>ELW-Gruppe - Feuerwehr Bad Zwischenahn<\/title>\n<meta name=\"robots\" content=\"index, follow, max-snippet:-1, max-image-preview:large, max-video-preview:-1\" \/>\n<link rel=\"canonical\" href=\"https:\/\/feuerwehr-bad-zwischenahn.de\/Feuerwehr\/elw-gruppe\/\" \/>\n<meta property=\"og:locale\" content=\"de_DE\" \/>\n<meta property=\"og:type\" content=\"article\" \/>\n<meta property=\"og:title\" content=\"ELW-Gruppe - Feuerwehr Bad Zwischenahn\" \/>\n<meta property=\"og:description\" content=\"Unsere ELW-Gruppe besteht aus engagierten Kameraden, die speziell f\u00fcr den Einsatz des Einsatzleitwagens (ELW) geschult sind. Bei komplexen Eins\u00e4tzen spielt diese Gruppe eine zentrale Rolle: Sie sorgt daf\u00fcr, dass alle Einsatzkr\u00e4fte optimal vernetzt und koordiniert werden. Mit modernster Technik und fundiertem Fachwissen unterst\u00fctzen die Mitglieder der ELW-Gruppe die F\u00fchrungsebene, treffen schnelle Entscheidungen und gew\u00e4hrleisten so [&hellip;]\" \/>\n<meta property=\"og:url\" content=\"https:\/\/feuerwehr-bad-zwischenahn.de\/Feuerwehr\/elw-gruppe\/\" \/>\n<meta property=\"og:site_name\" content=\"Feuerwehr Bad Zwischenahn\" \/>\n<meta property=\"article:modified_time\" content=\"2025-02-01T19:23:42+00:00\" \/>\n<meta name=\"twitter:card\" content=\"summary_large_image\" \/>\n<meta name=\"twitter:label1\" content=\"Gesch\u00e4tzte Lesezeit\" \/>\n\t<meta name=\"twitter:data1\" content=\"1\u00a0Minute\" \/>\n<script type=\"application\/ld+json\" class=\"yoast-schema-graph\">{\"@context\":\"https:\/\/schema.org\",\"@graph\":[{\"@type\":\"WebPage\",\"@id\":\"https:\/\/feuerwehr-bad-zwischenahn.de\/Feuerwehr\/elw-gruppe\/\",\"url\":\"https:\/\/feuerwehr-bad-zwischenahn.de\/Feuerwehr\/elw-gruppe\/\",\"name\":\"ELW-Gruppe - Feuerwehr Bad Zwischenahn\",\"isPartOf\":{\"@id\":\"https:\/\/feuerwehr-bad-zwischenahn.de\/Feuerwehr\/#website\"},\"datePublished\":\"2024-10-20T16:17:55+00:00\",\"dateModified\":\"2025-02-01T19:23:42+00:00\",\"breadcrumb\":{\"@id\":\"https:\/\/feuerwehr-bad-zwischenahn.de\/Feuerwehr\/elw-gruppe\/#breadcrumb\"},\"inLanguage\":\"de\",\"potentialAction\":[{\"@type\":\"ReadAction\",\"target\":[\"https:\/\/feuerwehr-bad-zwischenahn.de\/Feuerwehr\/elw-gruppe\/\"]}]},{\"@type\":\"BreadcrumbList\",\"@id\":\"https:\/\/feuerwehr-bad-zwischenahn.de\/Feuerwehr\/elw-gruppe\/#breadcrumb\",\"itemListElement\":[{\"@type\":\"ListItem\",\"position\":1,\"name\":\"Startseite\",\"item\":\"https:\/\/feuerwehr-bad-zwischenahn.de\/Feuerwehr\/\"},{\"@type\":\"ListItem\",\"position\":2,\"name\":\"ELW-Gruppe\"}]},{\"@type\":\"WebSite\",\"@id\":\"https:\/\/feuerwehr-bad-zwischenahn.de\/Feuerwehr\/#website\",\"url\":\"https:\/\/feuerwehr-bad-zwischenahn.de\/Feuerwehr\/\",\"name\":\"Feuerwehr Bad Zwischenahn\",\"description\":\"\",\"potentialAction\":[{\"@type\":\"SearchAction\",\"target\":{\"@type\":\"EntryPoint\",\"urlTemplate\":\"https:\/\/feuerwehr-bad-zwischenahn.de\/Feuerwehr\/?s={search_term_string}\"},\"query-input\":{\"@type\":\"PropertyValueSpecification\",\"valueRequired\":true,\"valueName\":\"search_term_string\"}}],\"inLanguage\":\"de\"}]}<\/script>\n<!-- \/ Yoast SEO plugin. -->","yoast_head_json":{"title":"ELW-Gruppe - Feuerwehr Bad Zwischenahn","robots":{"index":"index","follow":"follow","max-snippet":"max-snippet:-1","max-image-preview":"max-image-preview:large","max-video-preview":"max-video-preview:-1"},"canonical":"https:\/\/feuerwehr-bad-zwischenahn.de\/Feuerwehr\/elw-gruppe\/","og_locale":"de_DE","og_type":"article","og_title":"ELW-Gruppe - Feuerwehr Bad Zwischenahn","og_description":"Unsere ELW-Gruppe besteht aus engagierten Kameraden, die speziell f\u00fcr den Einsatz des Einsatzleitwagens (ELW) geschult sind. Bei komplexen Eins\u00e4tzen spielt diese Gruppe eine zentrale Rolle: Sie sorgt daf\u00fcr, dass alle Einsatzkr\u00e4fte optimal vernetzt und koordiniert werden. Mit modernster Technik und fundiertem Fachwissen unterst\u00fctzen die Mitglieder der ELW-Gruppe die F\u00fchrungsebene, treffen schnelle Entscheidungen und gew\u00e4hrleisten so [&hellip;]","og_url":"https:\/\/feuerwehr-bad-zwischenahn.de\/Feuerwehr\/elw-gruppe\/","og_site_name":"Feuerwehr Bad Zwischenahn","article_modified_time":"2025-02-01T19:23:42+00:00","twitter_card":"summary_large_image","twitter_misc":{"Gesch\u00e4tzte Lesezeit":"1\u00a0Minute"},"schema":{"@context":"https:\/\/schema.org","@graph":[{"@type":"WebPage","@id":"https:\/\/feuerwehr-bad-zwischenahn.de\/Feuerwehr\/elw-gruppe\/","url":"https:\/\/feuerwehr-bad-zwischenahn.de\/Feuerwehr\/elw-gruppe\/","name":"ELW-Gruppe - Feuerwehr Bad Zwischenahn","isPartOf":{"@id":"https:\/\/feuerwehr-bad-zwischenahn.de\/Feuerwehr\/#website"},"datePublished":"2024-10-20T16:17:55+00:00","dateModified":"2025-02-01T19:23:42+00:00","breadcrumb":{"@id":"https:\/\/feuerwehr-bad-zwischenahn.de\/Feuerwehr\/elw-gruppe\/#breadcrumb"},"inLanguage":"de","potentialAction":[{"@type":"ReadAction","target":["https:\/\/feuerwehr-bad-zwischenahn.de\/Feuerwehr\/elw-gruppe\/"]}]},{"@type":"BreadcrumbList","@id":"https:\/\/feuerwehr-bad-zwischenahn.de\/Feuerwehr\/elw-gruppe\/#breadcrumb","itemListElement":[{"@type":"ListItem","position":1,"name":"Startseite","item":"https:\/\/feuerwehr-bad-zwischenahn.de\/Feuerwehr\/"},{"@type":"ListItem","position":2,"name":"ELW-Gruppe"}]},{"@type":"WebSite","@id":"https:\/\/feuerwehr-bad-zwischenahn.de\/Feuerwehr\/#website","url":"https:\/\/feuerwehr-bad-zwischenahn.de\/Feuerwehr\/","name":"Feuerwehr Bad Zwischenahn","description":"","potentialAction":[{"@type":"SearchAction","target":{"@type":"EntryPoint","urlTemplate":"https:\/\/feuerwehr-bad-zwischenahn.de\/Feuerwehr\/?s={search_term_string}"},"query-input":{"@type":"PropertyValueSpecification","valueRequired":true,"valueName":"search_term_string"}}],"inLanguage":"de"}]}},"_links":{"self":[{"href":"https:\/\/feuerwehr-bad-zwischenahn.de\/Feuerwehr\/wp-json\/wp\/v2\/pages\/467","targetHints":{"allow":["GET"]}}],"collection":[{"href":"https:\/\/feuerwehr-bad-zwischenahn.de\/Feuerwehr\/wp-json\/wp\/v2\/pages"}],"about":[{"href":"https:\/\/feuerwehr-bad-zwischenahn.de\/Feuerwehr\/wp-json\/wp\/v2\/types\/page"}],"author":[{"embeddable":true,"href":"https:\/\/feuerwehr-bad-zwischenahn.de\/Feuerwehr\/wp-json\/wp\/v2\/users\/2"}],"replies":[{"embeddable":true,"href":"https:\/\/feuerwehr-bad-zwischenahn.de\/Feuerwehr\/wp-json\/wp\/v2\/comments?post=467"}],"version-history":[{"count":3,"href":"https:\/\/feuerwehr-bad-zwischenahn.de\/Feuerwehr\/wp-json\/wp\/v2\/pages\/467\/revisions"}],"predecessor-version":[{"id":2042,"href":"https:\/\/feuerwehr-bad-zwischenahn.de\/Feuerwehr\/wp-json\/wp\/v2\/pages\/467\/revisions\/2042"}],"wp:attachment":[{"href":"https:\/\/feuerwehr-bad-zwischenahn.de\/Feuerwehr\/wp-json\/wp\/v2\/media?parent=467"}],"curies":[{"name":"wp","href":"https:\/\/api.w.org\/{rel}","templated":true}]}}