{"id":357,"date":"2024-10-18T09:21:03","date_gmt":"2024-10-18T07:21:03","guid":{"rendered":"https:\/\/feuerwehr-bad-zwischenahn.de\/Feuerwehr\/?page_id=357"},"modified":"2025-05-28T08:33:01","modified_gmt":"2025-05-28T06:33:01","slug":"gefahrgut","status":"publish","type":"page","link":"https:\/\/feuerwehr-bad-zwischenahn.de\/Feuerwehr\/gefahrgut\/","title":{"rendered":"Gefahrgutgruppe"},"content":{"rendered":"<div  class='flex_column av-76n8d-2dfd81ba392dd03e0baa392da13a99c2 av_one_full  avia-builder-el-0  el_before_av_one_full  avia-builder-el-first  first flex_column_div  '     ><div  class='av-hotspot-image-container av-m4j0x7on-0b36de99c15a33328585d895f51778a0  avia-builder-el-1  avia-builder-el-no-sibling  av-hotspot-numbered av-mobile-fallback-active  av-non-fullwidth-hotspot-image'  itemprop=\"image\" itemscope=\"itemscope\" itemtype=\"https:\/\/schema.org\/ImageObject\" ><div class='av-hotspot-container'><div class='av-hotspot-container-inner-cell'><div class='av-hotspot-container-inner-wrap'><img decoding=\"async\" fetchpriority=\"high\" class='wp-image-652 avia-img-lazy-loading-not-652 avia_image' src=\"https:\/\/feuerwehr-bad-zwischenahn.de\/Feuerwehr\/wp-content\/uploads\/2024\/12\/Gefahrgut-1030x773.jpeg\" alt='' title='Gefahrgut'  height=\"773\" width=\"1030\"  itemprop=\"thumbnailUrl\" srcset=\"https:\/\/feuerwehr-bad-zwischenahn.de\/Feuerwehr\/wp-content\/uploads\/2024\/12\/Gefahrgut-1030x773.jpeg 1030w, https:\/\/feuerwehr-bad-zwischenahn.de\/Feuerwehr\/wp-content\/uploads\/2024\/12\/Gefahrgut-300x225.jpeg 300w, https:\/\/feuerwehr-bad-zwischenahn.de\/Feuerwehr\/wp-content\/uploads\/2024\/12\/Gefahrgut-768x576.jpeg 768w, https:\/\/feuerwehr-bad-zwischenahn.de\/Feuerwehr\/wp-content\/uploads\/2024\/12\/Gefahrgut-1536x1152.jpeg 1536w, https:\/\/feuerwehr-bad-zwischenahn.de\/Feuerwehr\/wp-content\/uploads\/2024\/12\/Gefahrgut-1500x1125.jpeg 1500w, https:\/\/feuerwehr-bad-zwischenahn.de\/Feuerwehr\/wp-content\/uploads\/2024\/12\/Gefahrgut-705x529.jpeg 705w, https:\/\/feuerwehr-bad-zwischenahn.de\/Feuerwehr\/wp-content\/uploads\/2024\/12\/Gefahrgut.jpeg 2048w\" sizes=\"(max-width: 1030px) 100vw, 1030px\" \/><\/div><\/div><\/div><\/div><\/div>\n<div  class='flex_column av-gr25h-401bff448695fb43be55d5da3a68ee80 av_one_full  avia-builder-el-2  el_after_av_one_full  el_before_av_textblock  first flex_column_div  column-top-margin'     ><div  class='hr av-10925-a14f547caed11e6b67714f07ce147bb3 hr-default  avia-builder-el-3  avia-builder-el-no-sibling '><span class='hr-inner '><span class=\"hr-inner-style\"><\/span><\/span><\/div><\/div>\n<section  class='av_textblock_section av-m2hvgkeo-7044301d879d4b06386f3f1580b265f3 '   itemscope=\"itemscope\" itemtype=\"https:\/\/schema.org\/CreativeWork\" ><div class='avia_textblock'  itemprop=\"text\" ><p>Die <strong>Gefahrgutgruppe<\/strong> der Feuerwehr Bad Zwischenahn ist eine spezialisierte Einheit, die sich auf den sicheren Umgang mit gef\u00e4hrlichen Stoffen und G\u00fctern konzentriert. Im Jahr 2024 wurde das <a href=\"https:\/\/feuerwehr-bad-zwischenahn.de\/Feuerwehr\/?page_id=161\">LF8<\/a> der Feuerwehr Bad Zwischenahn gezielt umgebaut und modernisiert, um den spezifischen Anforderungen im Gefahrguteinsatz gerecht zu werden. Der Schwerpunkt liegt nun auf der Handhabung und Eind\u00e4mmung von Gefahrg\u00fctern, was die Einheit bef\u00e4higt, in verschiedensten Szenarien wie Chemieunf\u00e4llen, \u00d6lunf\u00e4llen oder dem Austritt von giftigen Gasen schnell und effektiv zu reagieren.<\/p>\n<p>Das umgebaute LF8 ist mit\u00a0 Schutzanz\u00fcgen der Klasse 3 ausgestattet.\u00a0 Die Mannschaft wird regelm\u00e4\u00dfig im Umgang mit gef\u00e4hrlichen Stoffen geschult und auf verschiedene Einsatzszenarien vorbereitet, um die Bev\u00f6lkerung und die Umwelt bestm\u00f6glich zu sch\u00fctzen. Bei Gefahrguteins\u00e4tzen r\u00fcckt das LF8 vorrangig mit Atemschutzpersonal aus, um sofort in kontaminierte Bereiche vordringen zu k\u00f6nnen und die n\u00f6tigen Erstma\u00dfnahmen zur Schadensbegrenzung einzuleiten.<\/p>\n<p>Teil der Gefahrgutgruppe Bad Zwischenahn ist ebenso der\u00a0<a href=\"https:\/\/feuerwehr-bad-zwischenahn.de\/Feuerwehr\/?page_id=155\">R\u00fcstwagen<\/a>\u00a0(RW) mit dem Rollwagen Diesel. Hierauf sind Dieselumf\u00fcllpumpen verlastet um Diesel z.B aus einem verunfallten LKW pumpen k\u00f6nnen. Auch ein IBC-Container ist auf einem Rollwagen verlastet um diesen sicher aufzufangen. Bei ABC-Alarm im Zusammenhang mit Diesel ist die Einheit Bad Zwischenahn ebenso zust\u00e4ndig f\u00fcr die Gemeinde Edewecht und Apen.<\/p>\n<\/div><\/section>\n","protected":false},"excerpt":{"rendered":"","protected":false},"author":1,"featured_media":0,"parent":0,"menu_order":0,"comment_status":"closed","ping_status":"closed","template":"","meta":{"footnotes":""},"class_list":["post-357","page","type-page","status-publish","hentry"],"yoast_head":"<!-- This site is optimized with the Yoast SEO plugin v25.9 - https:\/\/yoast.com\/wordpress\/plugins\/seo\/ -->\n<title>Gefahrgutgruppe - Feuerwehr Bad Zwischenahn<\/title>\n<meta name=\"robots\" content=\"index, follow, max-snippet:-1, max-image-preview:large, max-video-preview:-1\" \/>\n<link rel=\"canonical\" href=\"https:\/\/feuerwehr-bad-zwischenahn.de\/Feuerwehr\/gefahrgut\/\" \/>\n<meta property=\"og:locale\" content=\"de_DE\" \/>\n<meta property=\"og:type\" content=\"article\" \/>\n<meta property=\"og:title\" content=\"Gefahrgutgruppe - Feuerwehr Bad Zwischenahn\" \/>\n<meta property=\"og:url\" content=\"https:\/\/feuerwehr-bad-zwischenahn.de\/Feuerwehr\/gefahrgut\/\" \/>\n<meta property=\"og:site_name\" content=\"Feuerwehr Bad Zwischenahn\" \/>\n<meta property=\"article:modified_time\" content=\"2025-05-28T06:33:01+00:00\" \/>\n<meta name=\"twitter:card\" content=\"summary_large_image\" \/>\n<meta name=\"twitter:label1\" content=\"Gesch\u00e4tzte Lesezeit\" \/>\n\t<meta name=\"twitter:data1\" content=\"2\u00a0Minuten\" \/>\n<script type=\"application\/ld+json\" class=\"yoast-schema-graph\">{\"@context\":\"https:\/\/schema.org\",\"@graph\":[{\"@type\":\"WebPage\",\"@id\":\"https:\/\/feuerwehr-bad-zwischenahn.de\/Feuerwehr\/gefahrgut\/\",\"url\":\"https:\/\/feuerwehr-bad-zwischenahn.de\/Feuerwehr\/gefahrgut\/\",\"name\":\"Gefahrgutgruppe - Feuerwehr Bad Zwischenahn\",\"isPartOf\":{\"@id\":\"https:\/\/feuerwehr-bad-zwischenahn.de\/Feuerwehr\/#website\"},\"datePublished\":\"2024-10-18T07:21:03+00:00\",\"dateModified\":\"2025-05-28T06:33:01+00:00\",\"breadcrumb\":{\"@id\":\"https:\/\/feuerwehr-bad-zwischenahn.de\/Feuerwehr\/gefahrgut\/#breadcrumb\"},\"inLanguage\":\"de\",\"potentialAction\":[{\"@type\":\"ReadAction\",\"target\":[\"https:\/\/feuerwehr-bad-zwischenahn.de\/Feuerwehr\/gefahrgut\/\"]}]},{\"@type\":\"BreadcrumbList\",\"@id\":\"https:\/\/feuerwehr-bad-zwischenahn.de\/Feuerwehr\/gefahrgut\/#breadcrumb\",\"itemListElement\":[{\"@type\":\"ListItem\",\"position\":1,\"name\":\"Startseite\",\"item\":\"https:\/\/feuerwehr-bad-zwischenahn.de\/Feuerwehr\/\"},{\"@type\":\"ListItem\",\"position\":2,\"name\":\"Gefahrgutgruppe\"}]},{\"@type\":\"WebSite\",\"@id\":\"https:\/\/feuerwehr-bad-zwischenahn.de\/Feuerwehr\/#website\",\"url\":\"https:\/\/feuerwehr-bad-zwischenahn.de\/Feuerwehr\/\",\"name\":\"Feuerwehr Bad Zwischenahn\",\"description\":\"\",\"potentialAction\":[{\"@type\":\"SearchAction\",\"target\":{\"@type\":\"EntryPoint\",\"urlTemplate\":\"https:\/\/feuerwehr-bad-zwischenahn.de\/Feuerwehr\/?s={search_term_string}\"},\"query-input\":{\"@type\":\"PropertyValueSpecification\",\"valueRequired\":true,\"valueName\":\"search_term_string\"}}],\"inLanguage\":\"de\"}]}<\/script>\n<!-- \/ Yoast SEO plugin. -->","yoast_head_json":{"title":"Gefahrgutgruppe - Feuerwehr Bad Zwischenahn","robots":{"index":"index","follow":"follow","max-snippet":"max-snippet:-1","max-image-preview":"max-image-preview:large","max-video-preview":"max-video-preview:-1"},"canonical":"https:\/\/feuerwehr-bad-zwischenahn.de\/Feuerwehr\/gefahrgut\/","og_locale":"de_DE","og_type":"article","og_title":"Gefahrgutgruppe - Feuerwehr Bad Zwischenahn","og_url":"https:\/\/feuerwehr-bad-zwischenahn.de\/Feuerwehr\/gefahrgut\/","og_site_name":"Feuerwehr Bad Zwischenahn","article_modified_time":"2025-05-28T06:33:01+00:00","twitter_card":"summary_large_image","twitter_misc":{"Gesch\u00e4tzte Lesezeit":"2\u00a0Minuten"},"schema":{"@context":"https:\/\/schema.org","@graph":[{"@type":"WebPage","@id":"https:\/\/feuerwehr-bad-zwischenahn.de\/Feuerwehr\/gefahrgut\/","url":"https:\/\/feuerwehr-bad-zwischenahn.de\/Feuerwehr\/gefahrgut\/","name":"Gefahrgutgruppe - Feuerwehr Bad Zwischenahn","isPartOf":{"@id":"https:\/\/feuerwehr-bad-zwischenahn.de\/Feuerwehr\/#website"},"datePublished":"2024-10-18T07:21:03+00:00","dateModified":"2025-05-28T06:33:01+00:00","breadcrumb":{"@id":"https:\/\/feuerwehr-bad-zwischenahn.de\/Feuerwehr\/gefahrgut\/#breadcrumb"},"inLanguage":"de","potentialAction":[{"@type":"ReadAction","target":["https:\/\/feuerwehr-bad-zwischenahn.de\/Feuerwehr\/gefahrgut\/"]}]},{"@type":"BreadcrumbList","@id":"https:\/\/feuerwehr-bad-zwischenahn.de\/Feuerwehr\/gefahrgut\/#breadcrumb","itemListElement":[{"@type":"ListItem","position":1,"name":"Startseite","item":"https:\/\/feuerwehr-bad-zwischenahn.de\/Feuerwehr\/"},{"@type":"ListItem","position":2,"name":"Gefahrgutgruppe"}]},{"@type":"WebSite","@id":"https:\/\/feuerwehr-bad-zwischenahn.de\/Feuerwehr\/#website","url":"https:\/\/feuerwehr-bad-zwischenahn.de\/Feuerwehr\/","name":"Feuerwehr Bad Zwischenahn","description":"","potentialAction":[{"@type":"SearchAction","target":{"@type":"EntryPoint","urlTemplate":"https:\/\/feuerwehr-bad-zwischenahn.de\/Feuerwehr\/?s={search_term_string}"},"query-input":{"@type":"PropertyValueSpecification","valueRequired":true,"valueName":"search_term_string"}}],"inLanguage":"de"}]}},"_links":{"self":[{"href":"https:\/\/feuerwehr-bad-zwischenahn.de\/Feuerwehr\/wp-json\/wp\/v2\/pages\/357","targetHints":{"allow":["GET"]}}],"collection":[{"href":"https:\/\/feuerwehr-bad-zwischenahn.de\/Feuerwehr\/wp-json\/wp\/v2\/pages"}],"about":[{"href":"https:\/\/feuerwehr-bad-zwischenahn.de\/Feuerwehr\/wp-json\/wp\/v2\/types\/page"}],"author":[{"embeddable":true,"href":"https:\/\/feuerwehr-bad-zwischenahn.de\/Feuerwehr\/wp-json\/wp\/v2\/users\/1"}],"replies":[{"embeddable":true,"href":"https:\/\/feuerwehr-bad-zwischenahn.de\/Feuerwehr\/wp-json\/wp\/v2\/comments?post=357"}],"version-history":[{"count":8,"href":"https:\/\/feuerwehr-bad-zwischenahn.de\/Feuerwehr\/wp-json\/wp\/v2\/pages\/357\/revisions"}],"predecessor-version":[{"id":2236,"href":"https:\/\/feuerwehr-bad-zwischenahn.de\/Feuerwehr\/wp-json\/wp\/v2\/pages\/357\/revisions\/2236"}],"wp:attachment":[{"href":"https:\/\/feuerwehr-bad-zwischenahn.de\/Feuerwehr\/wp-json\/wp\/v2\/media?parent=357"}],"curies":[{"name":"wp","href":"https:\/\/api.w.org\/{rel}","templated":true}]}}