{"id":2266,"date":"2025-05-28T10:20:54","date_gmt":"2025-05-28T08:20:54","guid":{"rendered":"https:\/\/feuerwehr-bad-zwischenahn.de\/Feuerwehr\/?page_id=2266"},"modified":"2025-05-28T10:20:54","modified_gmt":"2025-05-28T08:20:54","slug":"die-einheit-2","status":"publish","type":"page","link":"https:\/\/feuerwehr-bad-zwischenahn.de\/Feuerwehr\/die-einheit-2\/","title":{"rendered":"\u00dcber uns"},"content":{"rendered":"<div  class='flex_column av-3efzo-38ba2e5a152e702065b1a9acf5e2fb88 av_one_full  avia-builder-el-0  el_before_av_three_fifth  avia-builder-el-first  first flex_column_div  '     ><div  class='av-hotspot-image-container av-m6uscidr-10db44cd9fea00c35d839904a5edc9b7  avia-builder-el-1  avia-builder-el-no-sibling  av-hotspot-numbered av-mobile-fallback-active  av-non-fullwidth-hotspot-image'  itemprop=\"image\" itemscope=\"itemscope\" itemtype=\"https:\/\/schema.org\/ImageObject\" ><div class='av-hotspot-container'><div class='av-hotspot-container-inner-cell'><div class='av-hotspot-container-inner-wrap'><img decoding=\"async\" fetchpriority=\"high\" class='wp-image-104 avia-img-lazy-loading-not-104 avia_image' src=\"https:\/\/feuerwehr-bad-zwischenahn.de\/Feuerwehr\/wp-content\/uploads\/2024\/07\/Bildschirmfoto-2024-07-20-um-14.55.50.png\" alt='' title='Bildschirmfoto 2024-07-20 um 14.55.50'  height=\"1386\" width=\"2466\"  itemprop=\"thumbnailUrl\" srcset=\"https:\/\/feuerwehr-bad-zwischenahn.de\/Feuerwehr\/wp-content\/uploads\/2024\/07\/Bildschirmfoto-2024-07-20-um-14.55.50.png 2466w, https:\/\/feuerwehr-bad-zwischenahn.de\/Feuerwehr\/wp-content\/uploads\/2024\/07\/Bildschirmfoto-2024-07-20-um-14.55.50-300x169.png 300w, https:\/\/feuerwehr-bad-zwischenahn.de\/Feuerwehr\/wp-content\/uploads\/2024\/07\/Bildschirmfoto-2024-07-20-um-14.55.50-1030x579.png 1030w, https:\/\/feuerwehr-bad-zwischenahn.de\/Feuerwehr\/wp-content\/uploads\/2024\/07\/Bildschirmfoto-2024-07-20-um-14.55.50-768x432.png 768w, https:\/\/feuerwehr-bad-zwischenahn.de\/Feuerwehr\/wp-content\/uploads\/2024\/07\/Bildschirmfoto-2024-07-20-um-14.55.50-1536x863.png 1536w, https:\/\/feuerwehr-bad-zwischenahn.de\/Feuerwehr\/wp-content\/uploads\/2024\/07\/Bildschirmfoto-2024-07-20-um-14.55.50-2048x1151.png 2048w, https:\/\/feuerwehr-bad-zwischenahn.de\/Feuerwehr\/wp-content\/uploads\/2024\/07\/Bildschirmfoto-2024-07-20-um-14.55.50-1500x843.png 1500w, https:\/\/feuerwehr-bad-zwischenahn.de\/Feuerwehr\/wp-content\/uploads\/2024\/07\/Bildschirmfoto-2024-07-20-um-14.55.50-705x396.png 705w\" sizes=\"(max-width: 2466px) 100vw, 2466px\" \/><\/div><\/div><\/div><\/div><\/div>\n<div  class='flex_column av-2kcck-8111d58c22dc3bdfeac586467f3a4eb3 av_three_fifth  avia-builder-el-2  el_after_av_one_full  el_before_av_two_fifth  first flex_column_div  column-top-margin'     ><section  class='av_textblock_section av-2de48-6e5ae38d48f6499b8da40cc1b17b7202 '   itemscope=\"itemscope\" itemtype=\"https:\/\/schema.org\/CreativeWork\" ><div class='avia_textblock'  itemprop=\"text\" ><p>Die Freiwillige Feuerwehr Bad Zwischenahn wurde am 23. Juli 1921 gegr\u00fcndet. Das Feuerwehrger\u00e4tehaus &#8222;Im Alten Hof&#8220; mit 6 Stellpl\u00e4tzen, Schulungsraum und zwei Wohnungen wurde 1982 bezogen. Folgende Fahrzeuge werden einsatzbereit gehalten: Tankl\u00f6schfahrzeug (TLF 16\/25), Hilfleistungsl\u00f6schgruppenfahrzeug (HLF 20), L\u00f6schgruppenfahrzeug (LF 8), Ger\u00e4tewagen Logistik (GW-L), R\u00fcstwagen 2(RW) und ein Einsatzleitwagen 1 (ELW). Die Einheit hat 70 aktive Mitglieder, 8 Mitglieder geh\u00f6ren der Altersabteilung an.<\/p>\n<\/div><\/section><\/div>\n<div  class='flex_column av-1b5ko-3e8bc7cf8bcaf71230d418e12bd6c3bb av_two_fifth  avia-builder-el-4  el_after_av_three_fifth  el_before_av_one_full  flex_column_div  column-top-margin'     ><div  class='avia-video av-m6usbmhs-cf0fdb811ef51628a7d0ec1b11c29031 avia-video-16-9 av-no-preview-image avia-video-load-always av-lazyload-immediate av-lazyload-video-embed'  itemprop=\"video\" itemtype=\"https:\/\/schema.org\/VideoObject\"  data-original_url='https:\/\/www.youtube.com\/watch?v=x0GITYrFVsA&amp;t'><script type='text\/html' class='av-video-tmpl'><div class='avia-iframe-wrap'><iframe loading=\"lazy\" title=\"Imagefilm der Freiwilligen Feuerwehr Bad Zwischenahn\" width=\"1500\" height=\"844\" src=\"https:\/\/www.youtube.com\/embed\/x0GITYrFVsA?feature=oembed&autoplay=0&loop=0&controls=1&mute=0\" frameborder=\"0\" allow=\"accelerometer; autoplay; clipboard-write; encrypted-media; gyroscope; picture-in-picture; web-share\" referrerpolicy=\"strict-origin-when-cross-origin\" allowfullscreen><\/iframe><\/div><\/script><div class='av-click-to-play-overlay'><div class=\"avia_playpause_icon\"><\/div><\/div><\/div><\/div>\n<div  class='flex_column av-av_one_full-a2cef933b0a555f25d1e39b22a8e9dae av_one_full  avia-builder-el-6  el_after_av_two_fifth  el_before_av_one_full  first flex_column_div  '     ><style type=\"text\/css\" data-created_by=\"avia_inline_auto\" id=\"style-css-av-m7259a1n-ad3a82a1c5baec9dc75d0e869a4f7b8a\">\n#top .av-special-heading.av-m7259a1n-ad3a82a1c5baec9dc75d0e869a4f7b8a{\npadding-bottom:10px;\n}\nbody .av-special-heading.av-m7259a1n-ad3a82a1c5baec9dc75d0e869a4f7b8a .av-special-heading-tag .heading-char{\nfont-size:25px;\n}\n.av-special-heading.av-m7259a1n-ad3a82a1c5baec9dc75d0e869a4f7b8a .av-subheading{\nfont-size:15px;\n}\n<\/style>\n<div  class='av-special-heading av-m7259a1n-ad3a82a1c5baec9dc75d0e869a4f7b8a av-special-heading-h3 blockquote elegant-quote elegant-centered  avia-builder-el-7  avia-builder-el-no-sibling '><h3 class='av-special-heading-tag '  itemprop=\"headline\"  ><span class=\"heading-wrap\">Organigramm der Gemeindefeuerwehren<\/span><\/h3><div class=\"special-heading-border\"><div class=\"special-heading-inner-border\"><\/div><\/div><\/div><\/div><div  class='flex_column av-av_one_full-a2cef933b0a555f25d1e39b22a8e9dae av_one_full  avia-builder-el-8  el_after_av_one_full  avia-builder-el-last  first flex_column_div  column-top-margin'     ><style type=\"text\/css\" data-created_by=\"avia_inline_auto\" id=\"style-css-av-m72586db-b5e37035d348319b14d5b96cbabca45b\">\n.avia-image-container.av-m72586db-b5e37035d348319b14d5b96cbabca45b img.avia_image{\nbox-shadow:none;\n}\n.avia-image-container.av-m72586db-b5e37035d348319b14d5b96cbabca45b .av-image-caption-overlay-center{\ncolor:#ffffff;\n}\n<\/style>\n<div  class='avia-image-container av-m72586db-b5e37035d348319b14d5b96cbabca45b av-styling- avia-align-center  avia-builder-el-9  avia-builder-el-no-sibling '   itemprop=\"image\" itemscope=\"itemscope\" itemtype=\"https:\/\/schema.org\/ImageObject\" ><div class=\"avia-image-container-inner\"><div class=\"avia-image-overlay-wrap\"><img decoding=\"async\" fetchpriority=\"high\" class='wp-image-1560 avia-img-lazy-loading-not-1560 avia_image ' src=\"https:\/\/feuerwehr-bad-zwischenahn.de\/Feuerwehr\/wp-content\/uploads\/2025\/02\/IMG_5433.png\" alt='' title='IMG_5433'  height=\"1248\" width=\"2388\"  itemprop=\"thumbnailUrl\" srcset=\"https:\/\/feuerwehr-bad-zwischenahn.de\/Feuerwehr\/wp-content\/uploads\/2025\/02\/IMG_5433.png 2388w, https:\/\/feuerwehr-bad-zwischenahn.de\/Feuerwehr\/wp-content\/uploads\/2025\/02\/IMG_5433-300x157.png 300w, https:\/\/feuerwehr-bad-zwischenahn.de\/Feuerwehr\/wp-content\/uploads\/2025\/02\/IMG_5433-1030x538.png 1030w, https:\/\/feuerwehr-bad-zwischenahn.de\/Feuerwehr\/wp-content\/uploads\/2025\/02\/IMG_5433-768x401.png 768w, https:\/\/feuerwehr-bad-zwischenahn.de\/Feuerwehr\/wp-content\/uploads\/2025\/02\/IMG_5433-1536x803.png 1536w, https:\/\/feuerwehr-bad-zwischenahn.de\/Feuerwehr\/wp-content\/uploads\/2025\/02\/IMG_5433-2048x1070.png 2048w, https:\/\/feuerwehr-bad-zwischenahn.de\/Feuerwehr\/wp-content\/uploads\/2025\/02\/IMG_5433-1500x784.png 1500w, https:\/\/feuerwehr-bad-zwischenahn.de\/Feuerwehr\/wp-content\/uploads\/2025\/02\/IMG_5433-705x368.png 705w\" sizes=\"(max-width: 2388px) 100vw, 2388px\" \/><\/div><\/div><\/div><\/div><\/p>\n","protected":false},"excerpt":{"rendered":"","protected":false},"author":6,"featured_media":0,"parent":0,"menu_order":0,"comment_status":"closed","ping_status":"closed","template":"","meta":{"footnotes":""},"class_list":["post-2266","page","type-page","status-publish","hentry"],"yoast_head":"<!-- This site is optimized with the Yoast SEO plugin v25.9 - https:\/\/yoast.com\/wordpress\/plugins\/seo\/ -->\n<title>\u00dcber uns - Feuerwehr Bad Zwischenahn<\/title>\n<meta name=\"robots\" content=\"index, follow, max-snippet:-1, max-image-preview:large, max-video-preview:-1\" \/>\n<link rel=\"canonical\" href=\"https:\/\/feuerwehr-bad-zwischenahn.de\/Feuerwehr\/die-einheit-2\/\" \/>\n<meta property=\"og:locale\" content=\"de_DE\" \/>\n<meta property=\"og:type\" content=\"article\" \/>\n<meta property=\"og:title\" content=\"\u00dcber uns - Feuerwehr Bad Zwischenahn\" \/>\n<meta property=\"og:url\" content=\"https:\/\/feuerwehr-bad-zwischenahn.de\/Feuerwehr\/die-einheit-2\/\" \/>\n<meta property=\"og:site_name\" content=\"Feuerwehr Bad Zwischenahn\" \/>\n<meta name=\"twitter:card\" content=\"summary_large_image\" \/>\n<script type=\"application\/ld+json\" class=\"yoast-schema-graph\">{\"@context\":\"https:\/\/schema.org\",\"@graph\":[{\"@type\":\"WebPage\",\"@id\":\"https:\/\/feuerwehr-bad-zwischenahn.de\/Feuerwehr\/die-einheit-2\/\",\"url\":\"https:\/\/feuerwehr-bad-zwischenahn.de\/Feuerwehr\/die-einheit-2\/\",\"name\":\"\u00dcber uns - Feuerwehr Bad Zwischenahn\",\"isPartOf\":{\"@id\":\"https:\/\/feuerwehr-bad-zwischenahn.de\/Feuerwehr\/#website\"},\"datePublished\":\"2025-05-28T08:20:54+00:00\",\"breadcrumb\":{\"@id\":\"https:\/\/feuerwehr-bad-zwischenahn.de\/Feuerwehr\/die-einheit-2\/#breadcrumb\"},\"inLanguage\":\"de\",\"potentialAction\":[{\"@type\":\"ReadAction\",\"target\":[\"https:\/\/feuerwehr-bad-zwischenahn.de\/Feuerwehr\/die-einheit-2\/\"]}]},{\"@type\":\"BreadcrumbList\",\"@id\":\"https:\/\/feuerwehr-bad-zwischenahn.de\/Feuerwehr\/die-einheit-2\/#breadcrumb\",\"itemListElement\":[{\"@type\":\"ListItem\",\"position\":1,\"name\":\"Startseite\",\"item\":\"https:\/\/feuerwehr-bad-zwischenahn.de\/Feuerwehr\/\"},{\"@type\":\"ListItem\",\"position\":2,\"name\":\"\u00dcber uns\"}]},{\"@type\":\"WebSite\",\"@id\":\"https:\/\/feuerwehr-bad-zwischenahn.de\/Feuerwehr\/#website\",\"url\":\"https:\/\/feuerwehr-bad-zwischenahn.de\/Feuerwehr\/\",\"name\":\"Feuerwehr Bad Zwischenahn\",\"description\":\"\",\"potentialAction\":[{\"@type\":\"SearchAction\",\"target\":{\"@type\":\"EntryPoint\",\"urlTemplate\":\"https:\/\/feuerwehr-bad-zwischenahn.de\/Feuerwehr\/?s={search_term_string}\"},\"query-input\":{\"@type\":\"PropertyValueSpecification\",\"valueRequired\":true,\"valueName\":\"search_term_string\"}}],\"inLanguage\":\"de\"}]}<\/script>\n<!-- \/ Yoast SEO plugin. -->","yoast_head_json":{"title":"\u00dcber uns - Feuerwehr Bad Zwischenahn","robots":{"index":"index","follow":"follow","max-snippet":"max-snippet:-1","max-image-preview":"max-image-preview:large","max-video-preview":"max-video-preview:-1"},"canonical":"https:\/\/feuerwehr-bad-zwischenahn.de\/Feuerwehr\/die-einheit-2\/","og_locale":"de_DE","og_type":"article","og_title":"\u00dcber uns - Feuerwehr Bad Zwischenahn","og_url":"https:\/\/feuerwehr-bad-zwischenahn.de\/Feuerwehr\/die-einheit-2\/","og_site_name":"Feuerwehr Bad Zwischenahn","twitter_card":"summary_large_image","schema":{"@context":"https:\/\/schema.org","@graph":[{"@type":"WebPage","@id":"https:\/\/feuerwehr-bad-zwischenahn.de\/Feuerwehr\/die-einheit-2\/","url":"https:\/\/feuerwehr-bad-zwischenahn.de\/Feuerwehr\/die-einheit-2\/","name":"\u00dcber uns - Feuerwehr Bad Zwischenahn","isPartOf":{"@id":"https:\/\/feuerwehr-bad-zwischenahn.de\/Feuerwehr\/#website"},"datePublished":"2025-05-28T08:20:54+00:00","breadcrumb":{"@id":"https:\/\/feuerwehr-bad-zwischenahn.de\/Feuerwehr\/die-einheit-2\/#breadcrumb"},"inLanguage":"de","potentialAction":[{"@type":"ReadAction","target":["https:\/\/feuerwehr-bad-zwischenahn.de\/Feuerwehr\/die-einheit-2\/"]}]},{"@type":"BreadcrumbList","@id":"https:\/\/feuerwehr-bad-zwischenahn.de\/Feuerwehr\/die-einheit-2\/#breadcrumb","itemListElement":[{"@type":"ListItem","position":1,"name":"Startseite","item":"https:\/\/feuerwehr-bad-zwischenahn.de\/Feuerwehr\/"},{"@type":"ListItem","position":2,"name":"\u00dcber uns"}]},{"@type":"WebSite","@id":"https:\/\/feuerwehr-bad-zwischenahn.de\/Feuerwehr\/#website","url":"https:\/\/feuerwehr-bad-zwischenahn.de\/Feuerwehr\/","name":"Feuerwehr Bad Zwischenahn","description":"","potentialAction":[{"@type":"SearchAction","target":{"@type":"EntryPoint","urlTemplate":"https:\/\/feuerwehr-bad-zwischenahn.de\/Feuerwehr\/?s={search_term_string}"},"query-input":{"@type":"PropertyValueSpecification","valueRequired":true,"valueName":"search_term_string"}}],"inLanguage":"de"}]}},"_links":{"self":[{"href":"https:\/\/feuerwehr-bad-zwischenahn.de\/Feuerwehr\/wp-json\/wp\/v2\/pages\/2266","targetHints":{"allow":["GET"]}}],"collection":[{"href":"https:\/\/feuerwehr-bad-zwischenahn.de\/Feuerwehr\/wp-json\/wp\/v2\/pages"}],"about":[{"href":"https:\/\/feuerwehr-bad-zwischenahn.de\/Feuerwehr\/wp-json\/wp\/v2\/types\/page"}],"author":[{"embeddable":true,"href":"https:\/\/feuerwehr-bad-zwischenahn.de\/Feuerwehr\/wp-json\/wp\/v2\/users\/6"}],"replies":[{"embeddable":true,"href":"https:\/\/feuerwehr-bad-zwischenahn.de\/Feuerwehr\/wp-json\/wp\/v2\/comments?post=2266"}],"version-history":[{"count":2,"href":"https:\/\/feuerwehr-bad-zwischenahn.de\/Feuerwehr\/wp-json\/wp\/v2\/pages\/2266\/revisions"}],"predecessor-version":[{"id":2362,"href":"https:\/\/feuerwehr-bad-zwischenahn.de\/Feuerwehr\/wp-json\/wp\/v2\/pages\/2266\/revisions\/2362"}],"wp:attachment":[{"href":"https:\/\/feuerwehr-bad-zwischenahn.de\/Feuerwehr\/wp-json\/wp\/v2\/media?parent=2266"}],"curies":[{"name":"wp","href":"https:\/\/api.w.org\/{rel}","templated":true}]}}