{"id":2151,"date":"2025-05-20T11:25:11","date_gmt":"2025-05-20T09:25:11","guid":{"rendered":"https:\/\/feuerwehr-bad-zwischenahn.de\/Feuerwehr\/?page_id=2151"},"modified":"2025-10-22T20:24:34","modified_gmt":"2025-10-22T18:24:34","slug":"stellenausschreibung-feuerwehrmann-frau","status":"publish","type":"page","link":"https:\/\/feuerwehr-bad-zwischenahn.de\/Feuerwehr\/stellenausschreibung-feuerwehrmann-frau\/","title":{"rendered":"Stellenausschreibung Feuerwehrmann\/ -frau"},"content":{"rendered":"<div  class='flex_column av-2631nb-eb622f50d1f18eef927175d225bfca82 av_one_full  avia-builder-el-0  el_before_av_one_full  avia-builder-el-first  first flex_column_div  '     ><style type=\"text\/css\" data-created_by=\"avia_inline_auto\" id=\"style-css-av-mawcu25x-be4f07064eb4cd9d36aa4dd78cf8c446\">\n.avia-image-container.av-mawcu25x-be4f07064eb4cd9d36aa4dd78cf8c446 img.avia_image{\nbox-shadow:none;\n}\n.avia-image-container.av-mawcu25x-be4f07064eb4cd9d36aa4dd78cf8c446 .av-image-caption-overlay-center{\ncolor:#ffffff;\n}\n<\/style>\n<div  class='avia-image-container av-mawcu25x-be4f07064eb4cd9d36aa4dd78cf8c446 av-styling- avia-align-center  avia-builder-el-1  avia-builder-el-no-sibling '   itemprop=\"image\" itemscope=\"itemscope\" itemtype=\"https:\/\/schema.org\/ImageObject\" ><div class=\"avia-image-container-inner\"><div class=\"avia-image-overlay-wrap\"><img decoding=\"async\" fetchpriority=\"high\" class='wp-image-1542 avia-img-lazy-loading-not-1542 avia_image ' src=\"https:\/\/feuerwehr-bad-zwischenahn.de\/Feuerwehr\/wp-content\/uploads\/2025\/02\/DSC_0466-495x400.jpeg\" alt='' title='DSC_0466'  height=\"400\" width=\"495\"  itemprop=\"thumbnailUrl\" srcset=\"https:\/\/feuerwehr-bad-zwischenahn.de\/Feuerwehr\/wp-content\/uploads\/2025\/02\/DSC_0466-495x400.jpeg 495w, https:\/\/feuerwehr-bad-zwischenahn.de\/Feuerwehr\/wp-content\/uploads\/2025\/02\/DSC_0466-845x684.jpeg 845w\" sizes=\"(max-width: 495px) 100vw, 495px\" \/><\/div><\/div><\/div><\/div><div  class='flex_column av-2motpj-75c16fd272c6f03407c6be5283b0fe5e av_one_full  avia-builder-el-2  el_after_av_one_full  el_before_av_one_full  first flex_column_div  column-top-margin'     ><section  class='av_textblock_section av-mawb5wac-55e8b4e3d9f0566e986334a466beb955 '   itemscope=\"itemscope\" itemtype=\"https:\/\/schema.org\/CreativeWork\" ><div class='avia_textblock'  itemprop=\"text\" ><p><strong>Wir suchen zum n\u00e4chstm\u00f6glichen Zeitpunkt:<\/strong><\/p>\n<p><strong>ehrenamtliche Feuerwehrmann\/-frau<\/strong><\/p>\n<p>und<\/p>\n<p><strong>ehrenamtliche Feuerwehrmannanw\u00e4rter\/-in<\/strong><\/p>\n<p><strong>\u00dcber uns:<\/strong><br \/>\nDie Freiwillige Feuerwehr ist ein unverzichtbarer Bestandteil des \u00f6ffentlichen Lebens und leistet wichtige Arbeit im Bereich der Gefahrenabwehr. Wir stehen unserer Gemeinde bei Br\u00e4nden, Unf\u00e4llen und in Notsituationen zur Seite und suchen engagierte Menschen, die bereit sind, uns zu unterst\u00fctzen. Dabei spielt Teamarbeit eine zentrale Rolle \u2013 gemeinsam bew\u00e4ltigen wir unterschiedlichste Aufgaben, die dem Schutz unserer Mitb\u00fcrgerinnen und Mitb\u00fcrger dienen.<\/p>\n<p><strong>Deine Aufgaben:<\/strong><\/p>\n<ul>\n<li><strong>Brandbek\u00e4mpfung<\/strong> \u2013 Unterst\u00fctzung bei L\u00f6scheins\u00e4tzen aller Art, ob Wohnhausbrand oder kleinere Br\u00e4nde im Freien.<\/li>\n<li><strong>Technische Hilfeleistungen<\/strong> \u2013 Einsatz bei \u00dcberschwemmungen, Sturmsch\u00e4den und anderen Notf\u00e4llen.<\/li>\n<li><strong>\u00dcbungs- und Schulungsteilnahme<\/strong> \u2013 regelm\u00e4\u00dfige Teilnahme an \u00dcbungen und Schulungen, um Deine F\u00e4higkeiten zu erweitern.<\/li>\n<li><strong>Einsatzbereitschaft im Team<\/strong> \u2013 enge Zusammenarbeit mit Kameradinnen und Kameraden, um gemeinsam schwierige Situationen zu meistern.<\/li>\n<\/ul>\n<p><strong>Was Du mitbringst:<\/strong><\/p>\n<ul>\n<li><strong>Bereitschaft<\/strong> \u2013 Du bist bereit, in Deiner Freizeit ehrenamtlich zu helfen, wenn Du gebraucht wirst.<\/li>\n<li><strong>Teamgeist<\/strong> \u2013 Du arbeitest gerne in einer Gruppe und verstehst, dass Teamarbeit essenziell ist.<\/li>\n<li><strong>Verl\u00e4sslichkeit<\/strong> \u2013 im Ernstfall ist Verlass auf Dich und Deine Einsatzbereitschaft.<\/li>\n<li><strong>Lernbereitschaft<\/strong> \u2013 Du bist bereit, Dich regelm\u00e4\u00dfig fortzubilden und an Trainings teilzunehmen.<\/li>\n<\/ul>\n<p><strong>Was wir bieten:<\/strong><\/p>\n<ul>\n<li><strong>Umfassende Ausbildung<\/strong> \u2013 Du wirst in allen relevanten Bereichen wie Brandbek\u00e4mpfung, Rettungswesen und technischer Hilfeleistung ausgebildet.<\/li>\n<li><strong>Teamgemeinschaft<\/strong> \u2013 Ein starkes Team, in dem Du Dich einbringen und auf das Du Dich verlassen kannst.<\/li>\n<li><strong>Flexible Einsatzzeiten<\/strong> \u2013 Deine Verf\u00fcgbarkeit wird ber\u00fccksichtigt, denn Dein Ehrenamt soll mit Deinem Alltag vereinbar sein.<\/li>\n<li><strong>Pers\u00f6nliche Entwicklung<\/strong> \u2013 Du lernst wertvolle F\u00e4higkeiten, die Du sowohl im Einsatz als auch privat nutzen kannst.<\/li>\n<\/ul>\n<p><strong>Warum mitmachen?<\/strong><br \/>\nAls Mitglied der Freiwilligen Feuerwehr leistest du einen wertvollen Beitrag zur Sicherheit deiner Mitb\u00fcrger. Werde Teil eines engagierten Teams, dass sich f\u00fcr die Gemeinschaft einsetzt!<\/p>\n<p><strong>Interessiert?<\/strong><br \/>\nMelde dich gerne \u00fcber unser <a href=\"https:\/\/feuerwehr-bad-zwischenahn.de\/Feuerwehr\/?page_id=47\">Kontaktformular<\/a> oder schreibe uns auf unserem <a href=\"https:\/\/www.instagram.com\/feuerwehr_bad_zwischenahn\/?hl=de\">Instagram<\/a> Kanal.<\/p>\n<p>Wir treffen uns alle zwei Wochen, in den ungeraden Kalenderwochen, immer dienstags um 20 Uhr im Feuerwehrhaus Bad Zwischenahn (Vor dem Esch 11-13). Schau doch einfach mal vorbei \u2013 wir freuen uns auf dich!<\/p>\n<\/div><\/section><\/div><\/p>\n<div  class='flex_column av-8ovrhj-cb1edc7bc6b822dca5a2e859f3ebdbc2 av_one_full  avia-builder-el-4  el_after_av_one_full  avia-builder-el-last  first flex_column_div  column-top-margin'     ><form action=\"https:\/\/feuerwehr-bad-zwischenahn.de\/Feuerwehr\/stellenausschreibung-feuerwehrmann-frau\/\" method=\"post\" data-fields-with-error=\"Fehler wurden in folgenden Feld(ern) gefunden:\" class=\"avia_ajax_form av-form-labels-visible   avia-builder-el-5  avia-builder-el-no-sibling   \" data-avia-form-id=\"1\" data-avia-redirect='' ><h3 class=''>Sende uns eine Nachricht!<\/h3><fieldset><p class='  first_form  form_element form_fullwidth' id='element_avia_1_1'><label for=\"avia_1_1\">Name <abbr class=\"required\" title=\"ben\u00f6tigt\">*<\/abbr><\/label> <input name=\"avia_1_1\" class=\"text_input is_empty\" type=\"text\" id=\"avia_1_1\" value=\"\" \/><\/p><p class='  first_form  form_element form_fullwidth' id='element_avia_2_1'><label for=\"avia_2_1\">E-Mail <abbr class=\"required\" title=\"ben\u00f6tigt\">*<\/abbr><\/label> <input name=\"avia_2_1\" class=\"text_input is_email\" type=\"text\" id=\"avia_2_1\" value=\"\" \/><\/p><p class='  first_form  form_element form_fullwidth' id='element_avia_3_1'><label for=\"avia_3_1\">Betreff <abbr class=\"required\" title=\"ben\u00f6tigt\">*<\/abbr><\/label> <input name=\"avia_3_1\" class=\"text_input is_empty\" type=\"text\" id=\"avia_3_1\" value=\"\" \/><\/p><p class='  first_form  form_element form_fullwidth av-last-visible-form-element' id='element_avia_4_1'><label for=\"avia_4_1\" class=\"textare_label hidden textare_label_avia_4_1\">Nachricht <abbr class=\"required\" title=\"ben\u00f6tigt\">*<\/abbr><\/label><textarea  name=\"avia_4_1\" class=\"text_area is_empty\" cols=\"40\" rows=\"7\" id=\"avia_4_1\" ><\/textarea><\/p><p class=\"hidden\"><input type=\"text\" name=\"avia_5_1\" class=\"hidden \" id=\"avia_5_1\" value=\"\" \/><\/p><p class=\"form_element \"><input type=\"hidden\" value=\"1\" name=\"avia_generated_form1\" \/><input type=\"submit\" value=\"Senden\" class=\"button\"  data-sending-label=\"Sende\"\/><\/p><\/fieldset><\/form><div id=\"ajaxresponse_1\" class=\"ajaxresponse ajaxresponse_1 hidden\"><\/div><\/div>\n","protected":false},"excerpt":{"rendered":"","protected":false},"author":6,"featured_media":0,"parent":0,"menu_order":0,"comment_status":"closed","ping_status":"closed","template":"","meta":{"footnotes":""},"class_list":["post-2151","page","type-page","status-publish","hentry"],"yoast_head":"<!-- This site is optimized with the Yoast SEO plugin v25.9 - https:\/\/yoast.com\/wordpress\/plugins\/seo\/ -->\n<title>Stellenausschreibung Feuerwehrmann\/ -frau - Feuerwehr Bad Zwischenahn<\/title>\n<meta name=\"robots\" content=\"index, follow, max-snippet:-1, max-image-preview:large, max-video-preview:-1\" \/>\n<link rel=\"canonical\" href=\"https:\/\/feuerwehr-bad-zwischenahn.de\/Feuerwehr\/stellenausschreibung-feuerwehrmann-frau\/\" \/>\n<meta property=\"og:locale\" content=\"de_DE\" \/>\n<meta property=\"og:type\" content=\"article\" \/>\n<meta property=\"og:title\" content=\"Stellenausschreibung Feuerwehrmann\/ -frau - Feuerwehr Bad Zwischenahn\" \/>\n<meta property=\"og:url\" content=\"https:\/\/feuerwehr-bad-zwischenahn.de\/Feuerwehr\/stellenausschreibung-feuerwehrmann-frau\/\" \/>\n<meta property=\"og:site_name\" content=\"Feuerwehr Bad Zwischenahn\" \/>\n<meta property=\"article:modified_time\" content=\"2025-10-22T18:24:34+00:00\" \/>\n<meta name=\"twitter:card\" content=\"summary_large_image\" \/>\n<meta name=\"twitter:label1\" content=\"Gesch\u00e4tzte Lesezeit\" \/>\n\t<meta name=\"twitter:data1\" content=\"3\u00a0Minuten\" \/>\n<script type=\"application\/ld+json\" class=\"yoast-schema-graph\">{\"@context\":\"https:\/\/schema.org\",\"@graph\":[{\"@type\":\"WebPage\",\"@id\":\"https:\/\/feuerwehr-bad-zwischenahn.de\/Feuerwehr\/stellenausschreibung-feuerwehrmann-frau\/\",\"url\":\"https:\/\/feuerwehr-bad-zwischenahn.de\/Feuerwehr\/stellenausschreibung-feuerwehrmann-frau\/\",\"name\":\"Stellenausschreibung Feuerwehrmann\/ -frau - Feuerwehr Bad Zwischenahn\",\"isPartOf\":{\"@id\":\"https:\/\/feuerwehr-bad-zwischenahn.de\/Feuerwehr\/#website\"},\"datePublished\":\"2025-05-20T09:25:11+00:00\",\"dateModified\":\"2025-10-22T18:24:34+00:00\",\"breadcrumb\":{\"@id\":\"https:\/\/feuerwehr-bad-zwischenahn.de\/Feuerwehr\/stellenausschreibung-feuerwehrmann-frau\/#breadcrumb\"},\"inLanguage\":\"de\",\"potentialAction\":[{\"@type\":\"ReadAction\",\"target\":[\"https:\/\/feuerwehr-bad-zwischenahn.de\/Feuerwehr\/stellenausschreibung-feuerwehrmann-frau\/\"]}]},{\"@type\":\"BreadcrumbList\",\"@id\":\"https:\/\/feuerwehr-bad-zwischenahn.de\/Feuerwehr\/stellenausschreibung-feuerwehrmann-frau\/#breadcrumb\",\"itemListElement\":[{\"@type\":\"ListItem\",\"position\":1,\"name\":\"Startseite\",\"item\":\"https:\/\/feuerwehr-bad-zwischenahn.de\/Feuerwehr\/\"},{\"@type\":\"ListItem\",\"position\":2,\"name\":\"Stellenausschreibung Feuerwehrmann\/ -frau\"}]},{\"@type\":\"WebSite\",\"@id\":\"https:\/\/feuerwehr-bad-zwischenahn.de\/Feuerwehr\/#website\",\"url\":\"https:\/\/feuerwehr-bad-zwischenahn.de\/Feuerwehr\/\",\"name\":\"Feuerwehr Bad Zwischenahn\",\"description\":\"\",\"potentialAction\":[{\"@type\":\"SearchAction\",\"target\":{\"@type\":\"EntryPoint\",\"urlTemplate\":\"https:\/\/feuerwehr-bad-zwischenahn.de\/Feuerwehr\/?s={search_term_string}\"},\"query-input\":{\"@type\":\"PropertyValueSpecification\",\"valueRequired\":true,\"valueName\":\"search_term_string\"}}],\"inLanguage\":\"de\"}]}<\/script>\n<!-- \/ Yoast SEO plugin. -->","yoast_head_json":{"title":"Stellenausschreibung Feuerwehrmann\/ -frau - Feuerwehr Bad Zwischenahn","robots":{"index":"index","follow":"follow","max-snippet":"max-snippet:-1","max-image-preview":"max-image-preview:large","max-video-preview":"max-video-preview:-1"},"canonical":"https:\/\/feuerwehr-bad-zwischenahn.de\/Feuerwehr\/stellenausschreibung-feuerwehrmann-frau\/","og_locale":"de_DE","og_type":"article","og_title":"Stellenausschreibung Feuerwehrmann\/ -frau - Feuerwehr Bad Zwischenahn","og_url":"https:\/\/feuerwehr-bad-zwischenahn.de\/Feuerwehr\/stellenausschreibung-feuerwehrmann-frau\/","og_site_name":"Feuerwehr Bad Zwischenahn","article_modified_time":"2025-10-22T18:24:34+00:00","twitter_card":"summary_large_image","twitter_misc":{"Gesch\u00e4tzte Lesezeit":"3\u00a0Minuten"},"schema":{"@context":"https:\/\/schema.org","@graph":[{"@type":"WebPage","@id":"https:\/\/feuerwehr-bad-zwischenahn.de\/Feuerwehr\/stellenausschreibung-feuerwehrmann-frau\/","url":"https:\/\/feuerwehr-bad-zwischenahn.de\/Feuerwehr\/stellenausschreibung-feuerwehrmann-frau\/","name":"Stellenausschreibung Feuerwehrmann\/ -frau - Feuerwehr Bad Zwischenahn","isPartOf":{"@id":"https:\/\/feuerwehr-bad-zwischenahn.de\/Feuerwehr\/#website"},"datePublished":"2025-05-20T09:25:11+00:00","dateModified":"2025-10-22T18:24:34+00:00","breadcrumb":{"@id":"https:\/\/feuerwehr-bad-zwischenahn.de\/Feuerwehr\/stellenausschreibung-feuerwehrmann-frau\/#breadcrumb"},"inLanguage":"de","potentialAction":[{"@type":"ReadAction","target":["https:\/\/feuerwehr-bad-zwischenahn.de\/Feuerwehr\/stellenausschreibung-feuerwehrmann-frau\/"]}]},{"@type":"BreadcrumbList","@id":"https:\/\/feuerwehr-bad-zwischenahn.de\/Feuerwehr\/stellenausschreibung-feuerwehrmann-frau\/#breadcrumb","itemListElement":[{"@type":"ListItem","position":1,"name":"Startseite","item":"https:\/\/feuerwehr-bad-zwischenahn.de\/Feuerwehr\/"},{"@type":"ListItem","position":2,"name":"Stellenausschreibung Feuerwehrmann\/ -frau"}]},{"@type":"WebSite","@id":"https:\/\/feuerwehr-bad-zwischenahn.de\/Feuerwehr\/#website","url":"https:\/\/feuerwehr-bad-zwischenahn.de\/Feuerwehr\/","name":"Feuerwehr Bad Zwischenahn","description":"","potentialAction":[{"@type":"SearchAction","target":{"@type":"EntryPoint","urlTemplate":"https:\/\/feuerwehr-bad-zwischenahn.de\/Feuerwehr\/?s={search_term_string}"},"query-input":{"@type":"PropertyValueSpecification","valueRequired":true,"valueName":"search_term_string"}}],"inLanguage":"de"}]}},"_links":{"self":[{"href":"https:\/\/feuerwehr-bad-zwischenahn.de\/Feuerwehr\/wp-json\/wp\/v2\/pages\/2151","targetHints":{"allow":["GET"]}}],"collection":[{"href":"https:\/\/feuerwehr-bad-zwischenahn.de\/Feuerwehr\/wp-json\/wp\/v2\/pages"}],"about":[{"href":"https:\/\/feuerwehr-bad-zwischenahn.de\/Feuerwehr\/wp-json\/wp\/v2\/types\/page"}],"author":[{"embeddable":true,"href":"https:\/\/feuerwehr-bad-zwischenahn.de\/Feuerwehr\/wp-json\/wp\/v2\/users\/6"}],"replies":[{"embeddable":true,"href":"https:\/\/feuerwehr-bad-zwischenahn.de\/Feuerwehr\/wp-json\/wp\/v2\/comments?post=2151"}],"version-history":[{"count":9,"href":"https:\/\/feuerwehr-bad-zwischenahn.de\/Feuerwehr\/wp-json\/wp\/v2\/pages\/2151\/revisions"}],"predecessor-version":[{"id":2760,"href":"https:\/\/feuerwehr-bad-zwischenahn.de\/Feuerwehr\/wp-json\/wp\/v2\/pages\/2151\/revisions\/2760"}],"wp:attachment":[{"href":"https:\/\/feuerwehr-bad-zwischenahn.de\/Feuerwehr\/wp-json\/wp\/v2\/media?parent=2151"}],"curies":[{"name":"wp","href":"https:\/\/api.w.org\/{rel}","templated":true}]}}