{"id":2043,"date":"2025-04-20T16:33:23","date_gmt":"2025-04-20T14:33:23","guid":{"rendered":"https:\/\/feuerwehr-bad-zwischenahn.de\/Feuerwehr\/?page_id=2043"},"modified":"2025-05-28T08:11:39","modified_gmt":"2025-05-28T06:11:39","slug":"absturzsicherung","status":"publish","type":"page","link":"https:\/\/feuerwehr-bad-zwischenahn.de\/Feuerwehr\/absturzsicherung\/","title":{"rendered":"Absturzsicherung"},"content":{"rendered":"<div  class='flex_column av-1uty8b-8a3489d183a6f337213c525f238ec859 av_one_full  avia-builder-el-0  el_before_av_gallery  avia-builder-el-first  first flex_column_div  '     ><section  class='av_textblock_section av-m9prp83o-142959be25019bd1fc030e04c8db48e0 '   itemscope=\"itemscope\" itemtype=\"https:\/\/schema.org\/CreativeWork\" ><div class='avia_textblock'  itemprop=\"text\" ><p>Die <strong>Fachgruppe Absturzsicherung<\/strong> besteht aus Kameraden aus dem gesamten Landkreis Ammerland. Diese wurden speziell geschult um sich selbst und andere in besonderen H\u00f6hen und einsturzgef\u00e4hrdeten Bereichen sichern zu k\u00f6nnen.<\/p>\n<p class=\"\" data-start=\"0\" data-end=\"842\">Zehn Einsatzkr\u00e4fte absolvierten im Mai 2024 erfolgreich den Grundlehrgang \u201eAbsturzsicherung\u201c nach den Feuerwehr\u2011Dienstvorschriften und Unfallverh\u00fctungsvorschriften. Im September 2024 folgte der Lehrgang \u201eMultiplikator in der Absturzsicherung\u201c \u2013 ausgerichtet von der Berufsfeuerwehr Oldenburg \u2013 an dem neun Kameraden aus Ammerland und zwei aus Delmenhorst teilnahmen. Ab 2025 werden diese Multiplikatoren auf Kreisebene neue Einsatzkr\u00e4fte in den Grundt\u00e4tigkeiten \u201eSichern in absturzgef\u00e4hrdeten Bereichen\u201c, \u201eRetten und Selbstretten\u201c sowie \u201eEinfache Rettung aus H\u00f6hen und Tiefen\u201c ausbilden.<\/p>\n<p class=\"\" data-start=\"844\" data-end=\"1632\">Die Hauptaufgabe der Fachgruppe besteht im sicheren Arbeiten in absturzgef\u00e4hrdeten Bereichen. Eine ihrer ersten Gro\u00df\u00fcbungen fand im M\u00e4rz 2025 in Edewecht statt: Gemeinsam mit den Freiwilligen Feuerwehren Friedrichsfehn und Jeddeloh II wurde eine <a href=\"https:\/\/www.kreisfeuerwehr-ammerland.de\/2025\/03\/01\/h1-person-in-notlage-strommast-edewecht\/\">Sicherungsaktion<\/a> auf einem 20 Meter hohen Strommast trainiert \u2013 inklusive Ausleuchten der Einsatzstelle, Aufbau einer Sicherungskette und Flaschenzugtechnik zur sicheren Bergung des Verunfallten.<\/p>\n<\/div><\/section><\/div>\n<style type=\"text\/css\" data-created_by=\"avia_inline_auto\" id=\"style-css-av-maid611t-3b5a4f4201253d220effad77085bf625\">\n#top .avia-gallery.av-maid611t-3b5a4f4201253d220effad77085bf625 .avia-gallery-thumb a{\nwidth:20%;\n}\n<\/style>\n<div  class='avia-gallery av-maid611t-3b5a4f4201253d220effad77085bf625 avia_animate_when_visible  avia-builder-el-2  el_after_av_one_full  avia-builder-el-last  avia_lazyload avia-gallery-animate avia-gallery-1'  itemprop=\"image\" itemscope=\"itemscope\" itemtype=\"https:\/\/schema.org\/ImageObject\" ><meta itemprop=\"contentURL\" content=\"https:\/\/feuerwehr-bad-zwischenahn.de\/Feuerwehr\/absturzsicherung\/\"><div class='avia-gallery-thumb'><a href=\"https:\/\/feuerwehr-bad-zwischenahn.de\/Feuerwehr\/wp-content\/uploads\/2025\/05\/WhatsApp-Bild-2025-04-20-um-20.44.30_add71757-773x1030.jpg\" data-srcset=\"https:\/\/feuerwehr-bad-zwischenahn.de\/Feuerwehr\/wp-content\/uploads\/2025\/05\/WhatsApp-Bild-2025-04-20-um-20.44.30_add71757-773x1030.jpg 773w, https:\/\/feuerwehr-bad-zwischenahn.de\/Feuerwehr\/wp-content\/uploads\/2025\/05\/WhatsApp-Bild-2025-04-20-um-20.44.30_add71757-225x300.jpg 225w, https:\/\/feuerwehr-bad-zwischenahn.de\/Feuerwehr\/wp-content\/uploads\/2025\/05\/WhatsApp-Bild-2025-04-20-um-20.44.30_add71757-768x1024.jpg 768w, https:\/\/feuerwehr-bad-zwischenahn.de\/Feuerwehr\/wp-content\/uploads\/2025\/05\/WhatsApp-Bild-2025-04-20-um-20.44.30_add71757-1152x1536.jpg 1152w, https:\/\/feuerwehr-bad-zwischenahn.de\/Feuerwehr\/wp-content\/uploads\/2025\/05\/WhatsApp-Bild-2025-04-20-um-20.44.30_add71757-1125x1500.jpg 1125w, https:\/\/feuerwehr-bad-zwischenahn.de\/Feuerwehr\/wp-content\/uploads\/2025\/05\/WhatsApp-Bild-2025-04-20-um-20.44.30_add71757-529x705.jpg 529w, https:\/\/feuerwehr-bad-zwischenahn.de\/Feuerwehr\/wp-content\/uploads\/2025\/05\/WhatsApp-Bild-2025-04-20-um-20.44.30_add71757.jpg 1530w\" data-sizes=\"(max-width: 773px) 100vw, 773px\" data-rel='gallery-1' data-prev-img='https:\/\/feuerwehr-bad-zwischenahn.de\/Feuerwehr\/wp-content\/uploads\/2025\/05\/WhatsApp-Bild-2025-04-20-um-20.44.30_add71757-495x400.jpg' class='first_thumb lightbox ' data-onclick='1' title='WhatsApp Bild 2025-04-20 um 20.44.30_add71757'  itemprop=\"thumbnailUrl\"  ><img decoding=\"async\" fetchpriority=\"high\" class=\"wp-image-2141 avia-img-lazy-loading-not-2141\"   src=\"https:\/\/feuerwehr-bad-zwischenahn.de\/Feuerwehr\/wp-content\/uploads\/2025\/05\/WhatsApp-Bild-2025-04-20-um-20.44.30_add71757-495x400.jpg\" width=\"495\" height=\"400\"  title='WhatsApp Bild 2025-04-20 um 20.44.30_add71757' alt='' srcset=\"https:\/\/feuerwehr-bad-zwischenahn.de\/Feuerwehr\/wp-content\/uploads\/2025\/05\/WhatsApp-Bild-2025-04-20-um-20.44.30_add71757-495x400.jpg 495w, https:\/\/feuerwehr-bad-zwischenahn.de\/Feuerwehr\/wp-content\/uploads\/2025\/05\/WhatsApp-Bild-2025-04-20-um-20.44.30_add71757-845x684.jpg 845w\" sizes=\"(max-width: 495px) 100vw, 495px\" \/><div class='big-prev-fake'><img decoding=\"async\" loading=\"lazy\" class=\"wp-image-2141 avia-img-lazy-loading-2141\"  width=\"495\" height=\"400\" src=\"https:\/\/feuerwehr-bad-zwischenahn.de\/Feuerwehr\/wp-content\/uploads\/2025\/05\/WhatsApp-Bild-2025-04-20-um-20.44.30_add71757-495x400.jpg\" title='WhatsApp Bild 2025-04-20 um 20.44.30_add71757' alt='' srcset=\"https:\/\/feuerwehr-bad-zwischenahn.de\/Feuerwehr\/wp-content\/uploads\/2025\/05\/WhatsApp-Bild-2025-04-20-um-20.44.30_add71757-495x400.jpg 495w, https:\/\/feuerwehr-bad-zwischenahn.de\/Feuerwehr\/wp-content\/uploads\/2025\/05\/WhatsApp-Bild-2025-04-20-um-20.44.30_add71757-845x684.jpg 845w\" sizes=\"auto, (max-width: 495px) 100vw, 495px\" \/><\/div><\/a><a href=\"https:\/\/feuerwehr-bad-zwischenahn.de\/Feuerwehr\/wp-content\/uploads\/2025\/05\/WhatsApp-Bild-2025-04-20-um-20.41.07_0a237548-773x1030.jpg\" data-srcset=\"https:\/\/feuerwehr-bad-zwischenahn.de\/Feuerwehr\/wp-content\/uploads\/2025\/05\/WhatsApp-Bild-2025-04-20-um-20.41.07_0a237548-773x1030.jpg 773w, https:\/\/feuerwehr-bad-zwischenahn.de\/Feuerwehr\/wp-content\/uploads\/2025\/05\/WhatsApp-Bild-2025-04-20-um-20.41.07_0a237548-225x300.jpg 225w, https:\/\/feuerwehr-bad-zwischenahn.de\/Feuerwehr\/wp-content\/uploads\/2025\/05\/WhatsApp-Bild-2025-04-20-um-20.41.07_0a237548-768x1024.jpg 768w, https:\/\/feuerwehr-bad-zwischenahn.de\/Feuerwehr\/wp-content\/uploads\/2025\/05\/WhatsApp-Bild-2025-04-20-um-20.41.07_0a237548-1152x1536.jpg 1152w, https:\/\/feuerwehr-bad-zwischenahn.de\/Feuerwehr\/wp-content\/uploads\/2025\/05\/WhatsApp-Bild-2025-04-20-um-20.41.07_0a237548-1125x1500.jpg 1125w, https:\/\/feuerwehr-bad-zwischenahn.de\/Feuerwehr\/wp-content\/uploads\/2025\/05\/WhatsApp-Bild-2025-04-20-um-20.41.07_0a237548-529x705.jpg 529w, https:\/\/feuerwehr-bad-zwischenahn.de\/Feuerwehr\/wp-content\/uploads\/2025\/05\/WhatsApp-Bild-2025-04-20-um-20.41.07_0a237548.jpg 1536w\" data-sizes=\"(max-width: 773px) 100vw, 773px\" data-rel='gallery-1' data-prev-img='https:\/\/feuerwehr-bad-zwischenahn.de\/Feuerwehr\/wp-content\/uploads\/2025\/05\/WhatsApp-Bild-2025-04-20-um-20.41.07_0a237548-495x400.jpg' class='lightbox ' data-onclick='2' title='WhatsApp Bild 2025-04-20 um 20.41.07_0a237548'  itemprop=\"thumbnailUrl\"  ><img decoding=\"async\" fetchpriority=\"high\" class=\"wp-image-2142 avia-img-lazy-loading-not-2142\"   src=\"https:\/\/feuerwehr-bad-zwischenahn.de\/Feuerwehr\/wp-content\/uploads\/2025\/05\/WhatsApp-Bild-2025-04-20-um-20.41.07_0a237548-495x400.jpg\" width=\"495\" height=\"400\"  title='WhatsApp Bild 2025-04-20 um 20.41.07_0a237548' alt='' srcset=\"https:\/\/feuerwehr-bad-zwischenahn.de\/Feuerwehr\/wp-content\/uploads\/2025\/05\/WhatsApp-Bild-2025-04-20-um-20.41.07_0a237548-495x400.jpg 495w, https:\/\/feuerwehr-bad-zwischenahn.de\/Feuerwehr\/wp-content\/uploads\/2025\/05\/WhatsApp-Bild-2025-04-20-um-20.41.07_0a237548-845x684.jpg 845w\" sizes=\"(max-width: 495px) 100vw, 495px\" \/><div class='big-prev-fake'><img decoding=\"async\" loading=\"lazy\" class=\"wp-image-2142 avia-img-lazy-loading-2142\"  width=\"495\" height=\"400\" src=\"https:\/\/feuerwehr-bad-zwischenahn.de\/Feuerwehr\/wp-content\/uploads\/2025\/05\/WhatsApp-Bild-2025-04-20-um-20.41.07_0a237548-495x400.jpg\" title='WhatsApp Bild 2025-04-20 um 20.41.07_0a237548' alt='' srcset=\"https:\/\/feuerwehr-bad-zwischenahn.de\/Feuerwehr\/wp-content\/uploads\/2025\/05\/WhatsApp-Bild-2025-04-20-um-20.41.07_0a237548-495x400.jpg 495w, https:\/\/feuerwehr-bad-zwischenahn.de\/Feuerwehr\/wp-content\/uploads\/2025\/05\/WhatsApp-Bild-2025-04-20-um-20.41.07_0a237548-845x684.jpg 845w\" sizes=\"auto, (max-width: 495px) 100vw, 495px\" \/><\/div><\/a><a href=\"https:\/\/feuerwehr-bad-zwischenahn.de\/Feuerwehr\/wp-content\/uploads\/2025\/05\/WhatsApp-Bild-2025-04-20-um-20.44.01_d76af720-773x1030.jpg\" data-srcset=\"https:\/\/feuerwehr-bad-zwischenahn.de\/Feuerwehr\/wp-content\/uploads\/2025\/05\/WhatsApp-Bild-2025-04-20-um-20.44.01_d76af720-773x1030.jpg 773w, https:\/\/feuerwehr-bad-zwischenahn.de\/Feuerwehr\/wp-content\/uploads\/2025\/05\/WhatsApp-Bild-2025-04-20-um-20.44.01_d76af720-225x300.jpg 225w, https:\/\/feuerwehr-bad-zwischenahn.de\/Feuerwehr\/wp-content\/uploads\/2025\/05\/WhatsApp-Bild-2025-04-20-um-20.44.01_d76af720-768x1024.jpg 768w, https:\/\/feuerwehr-bad-zwischenahn.de\/Feuerwehr\/wp-content\/uploads\/2025\/05\/WhatsApp-Bild-2025-04-20-um-20.44.01_d76af720-1152x1536.jpg 1152w, https:\/\/feuerwehr-bad-zwischenahn.de\/Feuerwehr\/wp-content\/uploads\/2025\/05\/WhatsApp-Bild-2025-04-20-um-20.44.01_d76af720-1125x1500.jpg 1125w, https:\/\/feuerwehr-bad-zwischenahn.de\/Feuerwehr\/wp-content\/uploads\/2025\/05\/WhatsApp-Bild-2025-04-20-um-20.44.01_d76af720-529x705.jpg 529w, https:\/\/feuerwehr-bad-zwischenahn.de\/Feuerwehr\/wp-content\/uploads\/2025\/05\/WhatsApp-Bild-2025-04-20-um-20.44.01_d76af720.jpg 1530w\" data-sizes=\"(max-width: 773px) 100vw, 773px\" data-rel='gallery-1' data-prev-img='https:\/\/feuerwehr-bad-zwischenahn.de\/Feuerwehr\/wp-content\/uploads\/2025\/05\/WhatsApp-Bild-2025-04-20-um-20.44.01_d76af720-495x400.jpg' class='lightbox ' data-onclick='3' title='WhatsApp Bild 2025-04-20 um 20.44.01_d76af720'  itemprop=\"thumbnailUrl\"  ><img decoding=\"async\" fetchpriority=\"high\" class=\"wp-image-2143 avia-img-lazy-loading-not-2143\"   src=\"https:\/\/feuerwehr-bad-zwischenahn.de\/Feuerwehr\/wp-content\/uploads\/2025\/05\/WhatsApp-Bild-2025-04-20-um-20.44.01_d76af720-495x400.jpg\" width=\"495\" height=\"400\"  title='WhatsApp Bild 2025-04-20 um 20.44.01_d76af720' alt='' srcset=\"https:\/\/feuerwehr-bad-zwischenahn.de\/Feuerwehr\/wp-content\/uploads\/2025\/05\/WhatsApp-Bild-2025-04-20-um-20.44.01_d76af720-495x400.jpg 495w, https:\/\/feuerwehr-bad-zwischenahn.de\/Feuerwehr\/wp-content\/uploads\/2025\/05\/WhatsApp-Bild-2025-04-20-um-20.44.01_d76af720-845x684.jpg 845w\" sizes=\"(max-width: 495px) 100vw, 495px\" \/><div class='big-prev-fake'><img decoding=\"async\" loading=\"lazy\" class=\"wp-image-2143 avia-img-lazy-loading-2143\"  width=\"495\" height=\"400\" src=\"https:\/\/feuerwehr-bad-zwischenahn.de\/Feuerwehr\/wp-content\/uploads\/2025\/05\/WhatsApp-Bild-2025-04-20-um-20.44.01_d76af720-495x400.jpg\" title='WhatsApp Bild 2025-04-20 um 20.44.01_d76af720' alt='' srcset=\"https:\/\/feuerwehr-bad-zwischenahn.de\/Feuerwehr\/wp-content\/uploads\/2025\/05\/WhatsApp-Bild-2025-04-20-um-20.44.01_d76af720-495x400.jpg 495w, https:\/\/feuerwehr-bad-zwischenahn.de\/Feuerwehr\/wp-content\/uploads\/2025\/05\/WhatsApp-Bild-2025-04-20-um-20.44.01_d76af720-845x684.jpg 845w\" sizes=\"auto, (max-width: 495px) 100vw, 495px\" \/><\/div><\/a><\/div><\/div><\/p>\n","protected":false},"excerpt":{"rendered":"","protected":false},"author":6,"featured_media":0,"parent":0,"menu_order":0,"comment_status":"closed","ping_status":"closed","template":"","meta":{"footnotes":""},"class_list":["post-2043","page","type-page","status-publish","hentry"],"yoast_head":"<!-- This site is optimized with the Yoast SEO plugin v25.9 - https:\/\/yoast.com\/wordpress\/plugins\/seo\/ -->\n<title>Absturzsicherung - Feuerwehr Bad Zwischenahn<\/title>\n<meta name=\"robots\" content=\"index, follow, max-snippet:-1, max-image-preview:large, max-video-preview:-1\" \/>\n<link rel=\"canonical\" href=\"https:\/\/feuerwehr-bad-zwischenahn.de\/Feuerwehr\/absturzsicherung\/\" \/>\n<meta property=\"og:locale\" content=\"de_DE\" \/>\n<meta property=\"og:type\" content=\"article\" \/>\n<meta property=\"og:title\" content=\"Absturzsicherung - Feuerwehr Bad Zwischenahn\" \/>\n<meta property=\"og:url\" content=\"https:\/\/feuerwehr-bad-zwischenahn.de\/Feuerwehr\/absturzsicherung\/\" \/>\n<meta property=\"og:site_name\" content=\"Feuerwehr Bad Zwischenahn\" \/>\n<meta property=\"article:modified_time\" content=\"2025-05-28T06:11:39+00:00\" \/>\n<meta name=\"twitter:card\" content=\"summary_large_image\" \/>\n<meta name=\"twitter:label1\" content=\"Gesch\u00e4tzte Lesezeit\" \/>\n\t<meta name=\"twitter:data1\" content=\"3\u00a0Minuten\" \/>\n<script type=\"application\/ld+json\" class=\"yoast-schema-graph\">{\"@context\":\"https:\/\/schema.org\",\"@graph\":[{\"@type\":\"WebPage\",\"@id\":\"https:\/\/feuerwehr-bad-zwischenahn.de\/Feuerwehr\/absturzsicherung\/\",\"url\":\"https:\/\/feuerwehr-bad-zwischenahn.de\/Feuerwehr\/absturzsicherung\/\",\"name\":\"Absturzsicherung - Feuerwehr Bad Zwischenahn\",\"isPartOf\":{\"@id\":\"https:\/\/feuerwehr-bad-zwischenahn.de\/Feuerwehr\/#website\"},\"datePublished\":\"2025-04-20T14:33:23+00:00\",\"dateModified\":\"2025-05-28T06:11:39+00:00\",\"breadcrumb\":{\"@id\":\"https:\/\/feuerwehr-bad-zwischenahn.de\/Feuerwehr\/absturzsicherung\/#breadcrumb\"},\"inLanguage\":\"de\",\"potentialAction\":[{\"@type\":\"ReadAction\",\"target\":[\"https:\/\/feuerwehr-bad-zwischenahn.de\/Feuerwehr\/absturzsicherung\/\"]}]},{\"@type\":\"BreadcrumbList\",\"@id\":\"https:\/\/feuerwehr-bad-zwischenahn.de\/Feuerwehr\/absturzsicherung\/#breadcrumb\",\"itemListElement\":[{\"@type\":\"ListItem\",\"position\":1,\"name\":\"Startseite\",\"item\":\"https:\/\/feuerwehr-bad-zwischenahn.de\/Feuerwehr\/\"},{\"@type\":\"ListItem\",\"position\":2,\"name\":\"Absturzsicherung\"}]},{\"@type\":\"WebSite\",\"@id\":\"https:\/\/feuerwehr-bad-zwischenahn.de\/Feuerwehr\/#website\",\"url\":\"https:\/\/feuerwehr-bad-zwischenahn.de\/Feuerwehr\/\",\"name\":\"Feuerwehr Bad Zwischenahn\",\"description\":\"\",\"potentialAction\":[{\"@type\":\"SearchAction\",\"target\":{\"@type\":\"EntryPoint\",\"urlTemplate\":\"https:\/\/feuerwehr-bad-zwischenahn.de\/Feuerwehr\/?s={search_term_string}\"},\"query-input\":{\"@type\":\"PropertyValueSpecification\",\"valueRequired\":true,\"valueName\":\"search_term_string\"}}],\"inLanguage\":\"de\"}]}<\/script>\n<!-- \/ Yoast SEO plugin. -->","yoast_head_json":{"title":"Absturzsicherung - Feuerwehr Bad Zwischenahn","robots":{"index":"index","follow":"follow","max-snippet":"max-snippet:-1","max-image-preview":"max-image-preview:large","max-video-preview":"max-video-preview:-1"},"canonical":"https:\/\/feuerwehr-bad-zwischenahn.de\/Feuerwehr\/absturzsicherung\/","og_locale":"de_DE","og_type":"article","og_title":"Absturzsicherung - Feuerwehr Bad Zwischenahn","og_url":"https:\/\/feuerwehr-bad-zwischenahn.de\/Feuerwehr\/absturzsicherung\/","og_site_name":"Feuerwehr Bad Zwischenahn","article_modified_time":"2025-05-28T06:11:39+00:00","twitter_card":"summary_large_image","twitter_misc":{"Gesch\u00e4tzte Lesezeit":"3\u00a0Minuten"},"schema":{"@context":"https:\/\/schema.org","@graph":[{"@type":"WebPage","@id":"https:\/\/feuerwehr-bad-zwischenahn.de\/Feuerwehr\/absturzsicherung\/","url":"https:\/\/feuerwehr-bad-zwischenahn.de\/Feuerwehr\/absturzsicherung\/","name":"Absturzsicherung - Feuerwehr Bad Zwischenahn","isPartOf":{"@id":"https:\/\/feuerwehr-bad-zwischenahn.de\/Feuerwehr\/#website"},"datePublished":"2025-04-20T14:33:23+00:00","dateModified":"2025-05-28T06:11:39+00:00","breadcrumb":{"@id":"https:\/\/feuerwehr-bad-zwischenahn.de\/Feuerwehr\/absturzsicherung\/#breadcrumb"},"inLanguage":"de","potentialAction":[{"@type":"ReadAction","target":["https:\/\/feuerwehr-bad-zwischenahn.de\/Feuerwehr\/absturzsicherung\/"]}]},{"@type":"BreadcrumbList","@id":"https:\/\/feuerwehr-bad-zwischenahn.de\/Feuerwehr\/absturzsicherung\/#breadcrumb","itemListElement":[{"@type":"ListItem","position":1,"name":"Startseite","item":"https:\/\/feuerwehr-bad-zwischenahn.de\/Feuerwehr\/"},{"@type":"ListItem","position":2,"name":"Absturzsicherung"}]},{"@type":"WebSite","@id":"https:\/\/feuerwehr-bad-zwischenahn.de\/Feuerwehr\/#website","url":"https:\/\/feuerwehr-bad-zwischenahn.de\/Feuerwehr\/","name":"Feuerwehr Bad Zwischenahn","description":"","potentialAction":[{"@type":"SearchAction","target":{"@type":"EntryPoint","urlTemplate":"https:\/\/feuerwehr-bad-zwischenahn.de\/Feuerwehr\/?s={search_term_string}"},"query-input":{"@type":"PropertyValueSpecification","valueRequired":true,"valueName":"search_term_string"}}],"inLanguage":"de"}]}},"_links":{"self":[{"href":"https:\/\/feuerwehr-bad-zwischenahn.de\/Feuerwehr\/wp-json\/wp\/v2\/pages\/2043","targetHints":{"allow":["GET"]}}],"collection":[{"href":"https:\/\/feuerwehr-bad-zwischenahn.de\/Feuerwehr\/wp-json\/wp\/v2\/pages"}],"about":[{"href":"https:\/\/feuerwehr-bad-zwischenahn.de\/Feuerwehr\/wp-json\/wp\/v2\/types\/page"}],"author":[{"embeddable":true,"href":"https:\/\/feuerwehr-bad-zwischenahn.de\/Feuerwehr\/wp-json\/wp\/v2\/users\/6"}],"replies":[{"embeddable":true,"href":"https:\/\/feuerwehr-bad-zwischenahn.de\/Feuerwehr\/wp-json\/wp\/v2\/comments?post=2043"}],"version-history":[{"count":10,"href":"https:\/\/feuerwehr-bad-zwischenahn.de\/Feuerwehr\/wp-json\/wp\/v2\/pages\/2043\/revisions"}],"predecessor-version":[{"id":2230,"href":"https:\/\/feuerwehr-bad-zwischenahn.de\/Feuerwehr\/wp-json\/wp\/v2\/pages\/2043\/revisions\/2230"}],"wp:attachment":[{"href":"https:\/\/feuerwehr-bad-zwischenahn.de\/Feuerwehr\/wp-json\/wp\/v2\/media?parent=2043"}],"curies":[{"name":"wp","href":"https:\/\/api.w.org\/{rel}","templated":true}]}}