{"id":113,"date":"2024-07-27T12:10:03","date_gmt":"2024-07-27T10:10:03","guid":{"rendered":"https:\/\/feuerwehr-bad-zwischenahn.de\/Feuerwehr\/?page_id=113"},"modified":"2025-02-12T17:54:40","modified_gmt":"2025-02-12T16:54:40","slug":"foerderverein","status":"publish","type":"page","link":"https:\/\/feuerwehr-bad-zwischenahn.de\/Feuerwehr\/foerderverein\/","title":{"rendered":"F\u00f6rderverein"},"content":{"rendered":"\n<style type=\"text\/css\" data-created_by=\"avia_inline_auto\" id=\"style-css-av-m2ed4f4h-b5a4fd5858f4c8ab1dc95863efe72827\">\n.avia-image-container.av-m2ed4f4h-b5a4fd5858f4c8ab1dc95863efe72827 img.avia_image{\nbox-shadow:none;\n}\n.avia-image-container.av-m2ed4f4h-b5a4fd5858f4c8ab1dc95863efe72827 .av-image-caption-overlay-center{\ncolor:#ffffff;\n}\n<\/style>\n<div  class='avia-image-container av-m2ed4f4h-b5a4fd5858f4c8ab1dc95863efe72827 av-styling- avia-align-center  avia-builder-el-0  el_before_av_textblock  avia-builder-el-first '   itemprop=\"image\" itemscope=\"itemscope\" itemtype=\"https:\/\/schema.org\/ImageObject\" ><div class=\"avia-image-container-inner\"><div class=\"avia-image-overlay-wrap\"><img decoding=\"async\" fetchpriority=\"high\" class='wp-image-337 avia-img-lazy-loading-not-337 avia_image ' src=\"https:\/\/feuerwehr-bad-zwischenahn.de\/Feuerwehr\/wp-content\/uploads\/2024\/10\/logo_kontakt.gif\" alt='' title='logo_kontakt'  height=\"126\" width=\"126\"  itemprop=\"thumbnailUrl\"  \/><\/div><\/div><\/div>\n<section  class='av_textblock_section av-m2ed4ntu-12d7e3655fed5ebb3bf8eb8583d4857d '   itemscope=\"itemscope\" itemtype=\"https:\/\/schema.org\/CreativeWork\" ><div class='avia_textblock'  itemprop=\"text\" ><p>Der <strong>F\u00f6rderverein der Freiwilligen Feuerwehr Bad Zwischenahn<\/strong> unterst\u00fctzt aktiv die Arbeit der Feuerwehr durch die Bereitstellung zus\u00e4tzlicher finanzieller Mittel und Ressourcen, die \u00fcber das normale Budget der Feuerwehr hinausgehen. Der Verein dient als Schnittstelle zwischen der Gemeinde und der Feuerwehr und sorgt daf\u00fcr, dass notwendige Ausr\u00fcstungen, Schulungen oder besondere Projekte finanziell gef\u00f6rdert werden k\u00f6nnen.<\/p>\n<p>Die Hauptziele des F\u00f6rdervereins sind:<\/p>\n<ul>\n<li><strong>Ausstattung und Ausr\u00fcstung<\/strong>: Unterst\u00fctzung bei der Anschaffung von moderner Ausr\u00fcstung und Technik, die den Feuerwehrkr\u00e4ften hilft, ihre Eins\u00e4tze effektiver und sicherer zu gestalten.<\/li>\n<li><strong>Ausbildung und Fortbildung<\/strong>: Finanzierung von speziellen Schulungen und Lehrg\u00e4ngen, um die F\u00e4higkeiten der Feuerwehrleute kontinuierlich zu verbessern.<\/li>\n<li><strong>Jugendarbeit<\/strong>: F\u00f6rderung der Jugendfeuerwehr, um die n\u00e4chste Generation von Feuerwehrleuten auszubilden und zu unterst\u00fctzen.<\/li>\n<li><strong>\u00d6ffentlichkeitsarbeit<\/strong>: Organisation von Veranstaltungen und Kampagnen, um die Bedeutung der Feuerwehr in der Gemeinschaft zu st\u00e4rken und das Bewusstsein f\u00fcr Brandschutz und Rettungsdienste zu sch\u00e4rfen.<\/li>\n<\/ul>\n<p>Durch Spenden und Mitgliedschaften im F\u00f6rderverein kann die Bev\u00f6lkerung direkt zur Sicherheit in der Region beitragen und die Freiwillige Feuerwehr Bad Zwischenahn in ihrer lebenswichtigen Arbeit unterst\u00fctzen.<\/p>\n<\/div><\/section>\n<div  class='flex_column av-7n4ep-88aa1d25ac9fabfa760a0935d83773f0 av_one_full  avia-builder-el-2  el_after_av_textblock  avia-builder-el-last  first flex_column_div  column-top-margin'     ><section  class='av_textblock_section av-m4beadwy-23ce2fa9dcdd466429b92776bdf414f2 '   itemscope=\"itemscope\" itemtype=\"https:\/\/schema.org\/CreativeWork\" ><div class='avia_textblock'  itemprop=\"text\" ><p style=\"text-align: center;\"><a href=\"https:\/\/feuerwehr-bad-zwischenahn.de\/Feuerwehr\/wp-content\/uploads\/2024\/10\/Musterbeitritt.pdf\"><strong>Download Musterbeitritt<\/strong><\/a><\/p>\n<\/div><\/section><\/div>\n","protected":false},"excerpt":{"rendered":"","protected":false},"author":1,"featured_media":0,"parent":0,"menu_order":0,"comment_status":"closed","ping_status":"closed","template":"","meta":{"footnotes":""},"class_list":["post-113","page","type-page","status-publish","hentry"],"yoast_head":"<!-- This site is optimized with the Yoast SEO plugin v25.9 - https:\/\/yoast.com\/wordpress\/plugins\/seo\/ -->\n<title>F\u00f6rderverein - Feuerwehr Bad Zwischenahn<\/title>\n<meta name=\"robots\" content=\"index, follow, max-snippet:-1, max-image-preview:large, max-video-preview:-1\" \/>\n<link rel=\"canonical\" href=\"https:\/\/feuerwehr-bad-zwischenahn.de\/Feuerwehr\/foerderverein\/\" \/>\n<meta property=\"og:locale\" content=\"de_DE\" \/>\n<meta property=\"og:type\" content=\"article\" \/>\n<meta property=\"og:title\" content=\"F\u00f6rderverein - Feuerwehr Bad Zwischenahn\" \/>\n<meta property=\"og:url\" content=\"https:\/\/feuerwehr-bad-zwischenahn.de\/Feuerwehr\/foerderverein\/\" \/>\n<meta property=\"og:site_name\" content=\"Feuerwehr Bad Zwischenahn\" \/>\n<meta property=\"article:modified_time\" content=\"2025-02-12T16:54:40+00:00\" \/>\n<meta name=\"twitter:card\" content=\"summary_large_image\" \/>\n<meta name=\"twitter:label1\" content=\"Gesch\u00e4tzte Lesezeit\" \/>\n\t<meta name=\"twitter:data1\" content=\"6\u00a0Minuten\" \/>\n<script type=\"application\/ld+json\" class=\"yoast-schema-graph\">{\"@context\":\"https:\/\/schema.org\",\"@graph\":[{\"@type\":\"WebPage\",\"@id\":\"https:\/\/feuerwehr-bad-zwischenahn.de\/Feuerwehr\/foerderverein\/\",\"url\":\"https:\/\/feuerwehr-bad-zwischenahn.de\/Feuerwehr\/foerderverein\/\",\"name\":\"F\u00f6rderverein - Feuerwehr Bad Zwischenahn\",\"isPartOf\":{\"@id\":\"https:\/\/feuerwehr-bad-zwischenahn.de\/Feuerwehr\/#website\"},\"datePublished\":\"2024-07-27T10:10:03+00:00\",\"dateModified\":\"2025-02-12T16:54:40+00:00\",\"breadcrumb\":{\"@id\":\"https:\/\/feuerwehr-bad-zwischenahn.de\/Feuerwehr\/foerderverein\/#breadcrumb\"},\"inLanguage\":\"de\",\"potentialAction\":[{\"@type\":\"ReadAction\",\"target\":[\"https:\/\/feuerwehr-bad-zwischenahn.de\/Feuerwehr\/foerderverein\/\"]}]},{\"@type\":\"BreadcrumbList\",\"@id\":\"https:\/\/feuerwehr-bad-zwischenahn.de\/Feuerwehr\/foerderverein\/#breadcrumb\",\"itemListElement\":[{\"@type\":\"ListItem\",\"position\":1,\"name\":\"Startseite\",\"item\":\"https:\/\/feuerwehr-bad-zwischenahn.de\/Feuerwehr\/\"},{\"@type\":\"ListItem\",\"position\":2,\"name\":\"F\u00f6rderverein\"}]},{\"@type\":\"WebSite\",\"@id\":\"https:\/\/feuerwehr-bad-zwischenahn.de\/Feuerwehr\/#website\",\"url\":\"https:\/\/feuerwehr-bad-zwischenahn.de\/Feuerwehr\/\",\"name\":\"Feuerwehr Bad Zwischenahn\",\"description\":\"\",\"potentialAction\":[{\"@type\":\"SearchAction\",\"target\":{\"@type\":\"EntryPoint\",\"urlTemplate\":\"https:\/\/feuerwehr-bad-zwischenahn.de\/Feuerwehr\/?s={search_term_string}\"},\"query-input\":{\"@type\":\"PropertyValueSpecification\",\"valueRequired\":true,\"valueName\":\"search_term_string\"}}],\"inLanguage\":\"de\"}]}<\/script>\n<!-- \/ Yoast SEO plugin. -->","yoast_head_json":{"title":"F\u00f6rderverein - Feuerwehr Bad Zwischenahn","robots":{"index":"index","follow":"follow","max-snippet":"max-snippet:-1","max-image-preview":"max-image-preview:large","max-video-preview":"max-video-preview:-1"},"canonical":"https:\/\/feuerwehr-bad-zwischenahn.de\/Feuerwehr\/foerderverein\/","og_locale":"de_DE","og_type":"article","og_title":"F\u00f6rderverein - Feuerwehr Bad Zwischenahn","og_url":"https:\/\/feuerwehr-bad-zwischenahn.de\/Feuerwehr\/foerderverein\/","og_site_name":"Feuerwehr Bad Zwischenahn","article_modified_time":"2025-02-12T16:54:40+00:00","twitter_card":"summary_large_image","twitter_misc":{"Gesch\u00e4tzte Lesezeit":"6\u00a0Minuten"},"schema":{"@context":"https:\/\/schema.org","@graph":[{"@type":"WebPage","@id":"https:\/\/feuerwehr-bad-zwischenahn.de\/Feuerwehr\/foerderverein\/","url":"https:\/\/feuerwehr-bad-zwischenahn.de\/Feuerwehr\/foerderverein\/","name":"F\u00f6rderverein - Feuerwehr Bad Zwischenahn","isPartOf":{"@id":"https:\/\/feuerwehr-bad-zwischenahn.de\/Feuerwehr\/#website"},"datePublished":"2024-07-27T10:10:03+00:00","dateModified":"2025-02-12T16:54:40+00:00","breadcrumb":{"@id":"https:\/\/feuerwehr-bad-zwischenahn.de\/Feuerwehr\/foerderverein\/#breadcrumb"},"inLanguage":"de","potentialAction":[{"@type":"ReadAction","target":["https:\/\/feuerwehr-bad-zwischenahn.de\/Feuerwehr\/foerderverein\/"]}]},{"@type":"BreadcrumbList","@id":"https:\/\/feuerwehr-bad-zwischenahn.de\/Feuerwehr\/foerderverein\/#breadcrumb","itemListElement":[{"@type":"ListItem","position":1,"name":"Startseite","item":"https:\/\/feuerwehr-bad-zwischenahn.de\/Feuerwehr\/"},{"@type":"ListItem","position":2,"name":"F\u00f6rderverein"}]},{"@type":"WebSite","@id":"https:\/\/feuerwehr-bad-zwischenahn.de\/Feuerwehr\/#website","url":"https:\/\/feuerwehr-bad-zwischenahn.de\/Feuerwehr\/","name":"Feuerwehr Bad Zwischenahn","description":"","potentialAction":[{"@type":"SearchAction","target":{"@type":"EntryPoint","urlTemplate":"https:\/\/feuerwehr-bad-zwischenahn.de\/Feuerwehr\/?s={search_term_string}"},"query-input":{"@type":"PropertyValueSpecification","valueRequired":true,"valueName":"search_term_string"}}],"inLanguage":"de"}]}},"_links":{"self":[{"href":"https:\/\/feuerwehr-bad-zwischenahn.de\/Feuerwehr\/wp-json\/wp\/v2\/pages\/113","targetHints":{"allow":["GET"]}}],"collection":[{"href":"https:\/\/feuerwehr-bad-zwischenahn.de\/Feuerwehr\/wp-json\/wp\/v2\/pages"}],"about":[{"href":"https:\/\/feuerwehr-bad-zwischenahn.de\/Feuerwehr\/wp-json\/wp\/v2\/types\/page"}],"author":[{"embeddable":true,"href":"https:\/\/feuerwehr-bad-zwischenahn.de\/Feuerwehr\/wp-json\/wp\/v2\/users\/1"}],"replies":[{"embeddable":true,"href":"https:\/\/feuerwehr-bad-zwischenahn.de\/Feuerwehr\/wp-json\/wp\/v2\/comments?post=113"}],"version-history":[{"count":8,"href":"https:\/\/feuerwehr-bad-zwischenahn.de\/Feuerwehr\/wp-json\/wp\/v2\/pages\/113\/revisions"}],"predecessor-version":[{"id":1566,"href":"https:\/\/feuerwehr-bad-zwischenahn.de\/Feuerwehr\/wp-json\/wp\/v2\/pages\/113\/revisions\/1566"}],"wp:attachment":[{"href":"https:\/\/feuerwehr-bad-zwischenahn.de\/Feuerwehr\/wp-json\/wp\/v2\/media?parent=113"}],"curies":[{"name":"wp","href":"https:\/\/api.w.org\/{rel}","templated":true}]}}